{"id":14,"date":"2020-08-04T03:00:03","date_gmt":"2020-08-04T03:00:03","guid":{"rendered":"http:\/\/elsapianomusic.com\/home"},"modified":"2026-04-21T12:53:43","modified_gmt":"2026-04-21T10:53:43","slug":"elsa-muniz-pianista-galicia","status":"publish","type":"page","link":"https:\/\/elsapianomusic.com\/en_us\/","title":{"rendered":"Home"},"content":{"rendered":"<div data-elementor-type=\"wp-page\" data-elementor-id=\"14\" class=\"elementor elementor-14\" data-elementor-post-type=\"page\">\n\t\t\t\t\t\t<section class=\"elementor-section elementor-top-section elementor-element elementor-element-1666181 elementor-section-height-full elementor-section-items-top elementor-section-boxed elementor-section-height-default\" data-id=\"1666181\" data-element_type=\"section\" data-e-type=\"section\" data-settings=\"{&quot;background_background&quot;:&quot;classic&quot;}\">\n\t\t\t\t\t\t\t<div class=\"elementor-background-overlay\"><\/div>\n\t\t\t\t\t\t\t<div class=\"elementor-container elementor-column-gap-no\">\n\t\t\t\t\t<div class=\"elementor-column elementor-col-100 elementor-top-column elementor-element elementor-element-c7cc975\" data-id=\"c7cc975\" data-element_type=\"column\" data-e-type=\"column\">\n\t\t\t<div class=\"elementor-widget-wrap elementor-element-populated\">\n\t\t\t\t\t\t<section class=\"elementor-section elementor-inner-section elementor-element elementor-element-decb836 elementor-section-boxed elementor-section-height-default elementor-section-height-default\" data-id=\"decb836\" data-element_type=\"section\" data-e-type=\"section\">\n\t\t\t\t\t\t<div class=\"elementor-container elementor-column-gap-narrow\">\n\t\t\t\t\t<div class=\"elementor-column elementor-col-100 elementor-inner-column elementor-element elementor-element-b9ffec6\" data-id=\"b9ffec6\" data-element_type=\"column\" data-e-type=\"column\">\n\t\t\t<div class=\"elementor-widget-wrap elementor-element-populated\">\n\t\t\t\t\t\t<div class=\"elementor-element elementor-element-62de456 elementor-widget elementor-widget-heading\" data-id=\"62de456\" data-element_type=\"widget\" data-e-type=\"widget\" data-widget_type=\"heading.default\">\n\t\t\t\t<div class=\"elementor-widget-container\">\n\t\t\t\t\t<h1 class=\"elementor-heading-title elementor-size-default\"><br>Elsa Mu\u00f1iz<\/h1>\t\t\t\t<\/div>\n\t\t\t\t<\/div>\n\t\t\t\t<div class=\"elementor-element elementor-element-3341e04 elementor-widget elementor-widget-heading\" data-id=\"3341e04\" data-element_type=\"widget\" data-e-type=\"widget\" data-widget_type=\"heading.default\">\n\t\t\t\t<div class=\"elementor-widget-container\">\n\t\t\t\t\t<h6 class=\"elementor-heading-title elementor-size-default\">Pianista, compositora y creadora del pianotelling<\/h6>\t\t\t\t<\/div>\n\t\t\t\t<\/div>\n\t\t\t\t<div class=\"elementor-element elementor-element-dc73e86 elementor-widget-divider--view-line elementor-widget elementor-widget-divider\" data-id=\"dc73e86\" data-element_type=\"widget\" data-e-type=\"widget\" data-widget_type=\"divider.default\">\n\t\t\t\t<div class=\"elementor-widget-container\">\n\t\t\t\t\t\t\t<div class=\"elementor-divider\">\n\t\t\t<span class=\"elementor-divider-separator\">\n\t\t\t\t\t\t<\/span>\n\t\t<\/div>\n\t\t\t\t\t\t<\/div>\n\t\t\t\t<\/div>\n\t\t\t\t<div class=\"elementor-element elementor-element-c1a7a62 elementor-widget elementor-widget-heading\" data-id=\"c1a7a62\" data-element_type=\"widget\" data-e-type=\"widget\" data-widget_type=\"heading.default\">\n\t\t\t\t<div class=\"elementor-widget-container\">\n\t\t\t\t\t<h6 class=\"elementor-heading-title elementor-size-default\">Pianotelling<\/h6>\t\t\t\t<\/div>\n\t\t\t\t<\/div>\n\t\t\t\t<div class=\"elementor-element elementor-element-ccebff8 elementor-widget elementor-widget-text-editor\" data-id=\"ccebff8\" data-element_type=\"widget\" data-e-type=\"widget\" data-widget_type=\"text-editor.default\">\n\t\t\t\t<div class=\"elementor-widget-container\">\n\t\t\t\t\t\t\t\t\t<p>\u00abParar,\u00a0 sentir y escuchar\u00bb<\/p>\t\t\t\t\t\t\t\t<\/div>\n\t\t\t\t<\/div>\n\t\t\t\t\t<\/div>\n\t\t<\/div>\n\t\t\t\t\t<\/div>\n\t\t<\/section>\n\t\t\t\t\t<\/div>\n\t\t<\/div>\n\t\t\t\t\t<\/div>\n\t\t<\/section>\n\t\t\t\t<\/div>","protected":false},"excerpt":{"rendered":"<p>Elsa Mu\u00f1iz Pianista, compositora y creadora del pianotelling Pianotelling \u00abParar,\u00a0 sentir y escuchar\u00bb<\/p>","protected":false},"author":1,"featured_media":0,"parent":0,"menu_order":0,"comment_status":"closed","ping_status":"closed","template":"","meta":{"site-sidebar-layout":"no-sidebar","site-content-layout":"page-builder","ast-site-content-layout":"full-width-container","site-content-style":"unboxed","site-sidebar-style":"unboxed","ast-global-header-display":"","ast-banner-title-visibility":"","ast-main-header-display":"","ast-hfb-above-header-display":"","ast-hfb-below-header-display":"","ast-hfb-mobile-header-display":"","site-post-title":"disabled","ast-breadcrumbs-content":"","ast-featured-img":"disabled","footer-sml-layout":"","ast-disable-related-posts":"","theme-transparent-header-meta":"enabled","adv-header-id-meta":"","stick-header-meta":"","header-above-stick-meta":"","header-main-stick-meta":"","header-below-stick-meta":"","astra-migrate-meta-layouts":"set","ast-page-background-enabled":"default","ast-page-background-meta":{"desktop":{"background-color":"","background-image":"","background-repeat":"repeat","background-position":"center center","background-size":"auto","background-attachment":"scroll","background-type":"","background-media":"","overlay-type":"","overlay-color":"","overlay-opacity":"","overlay-gradient":""},"tablet":{"background-color":"","background-image":"","background-repeat":"repeat","background-position":"center center","background-size":"auto","background-attachment":"scroll","background-type":"","background-media":"","overlay-type":"","overlay-color":"","overlay-opacity":"","overlay-gradient":""},"mobile":{"background-color":"","background-image":"","background-repeat":"repeat","background-position":"center center","background-size":"auto","background-attachment":"scroll","background-type":"","background-media":"","overlay-type":"","overlay-color":"","overlay-opacity":"","overlay-gradient":""}},"ast-content-background-meta":{"desktop":{"background-color":"var(--ast-global-color-5)","background-image":"","background-repeat":"repeat","background-position":"center center","background-size":"auto","background-attachment":"scroll","background-type":"","background-media":"","overlay-type":"","overlay-color":"","overlay-opacity":"","overlay-gradient":""},"tablet":{"background-color":"var(--ast-global-color-5)","background-image":"","background-repeat":"repeat","background-position":"center center","background-size":"auto","background-attachment":"scroll","background-type":"","background-media":"","overlay-type":"","overlay-color":"","overlay-opacity":"","overlay-gradient":""},"mobile":{"background-color":"var(--ast-global-color-5)","background-image":"","background-repeat":"repeat","background-position":"center center","background-size":"auto","background-attachment":"scroll","background-type":"","background-media":"","overlay-type":"","overlay-color":"","overlay-opacity":"","overlay-gradient":""}},"footnotes":""},"class_list":["post-14","page","type-page","status-publish","hentry"],"yoast_head":"<!-- This site is optimized with the Yoast SEO plugin v27.4 - https:\/\/yoast.com\/product\/yoast-seo-wordpress\/ -->\n<title>Elsa Mu\u00f1iz - Pianista, compositora y creadora del Pianotelling<\/title>\n<meta name=\"description\" content=\"Elsa Mu\u00f1iz es una pianista y compositora gallega que desarrolla un lenguaje art\u00edstico propio a trav\u00e9s del pianotelling, una fusi\u00f3n entre m\u00fasica y literatura que transforma experiencias personales en obras sonoras. Su trabajo parte de la creaci\u00f3n de microrrelatos autobiogr\u00e1ficos que se convierten en composiciones para piano, generando un di\u00e1logo \u00edntimo entre palabra y m\u00fasica.El pianotelling es una propuesta art\u00edstica que sit\u00faa el piano como herramienta narrativa, donde cada pieza cuenta una historia. A trav\u00e9s de este enfoque, Elsa Mu\u00f1iz pianista construye un universo contempor\u00e1neo que conecta con el p\u00fablico desde la emoci\u00f3n, la cercan\u00eda y la autenticidad.Su actividad incluye conciertos, creaci\u00f3n esc\u00e9nica y proyectos culturales con perspectiva de g\u00e9nero, aportando nuevas formas de escuchar y entender la m\u00fasica cl\u00e1sica en la actualidad. Cada interpretaci\u00f3n se convierte en una experiencia inmersiva en la que el piano act\u00faa como voz y memoria.\" \/>\n<meta name=\"robots\" content=\"index, follow, max-snippet:-1, max-image-preview:large, max-video-preview:-1\" \/>\n<link rel=\"canonical\" href=\"https:\/\/elsapianomusic.com\/en_us\/\" \/>\n<meta property=\"og:locale\" content=\"en_US\" \/>\n<meta property=\"og:type\" content=\"article\" \/>\n<meta property=\"og:title\" content=\"Elsa Mu\u00f1iz - Pianista, compositora y creadora del Pianotelling\" \/>\n<meta property=\"og:description\" content=\"Elsa Mu\u00f1iz es una pianista y compositora gallega que desarrolla un lenguaje art\u00edstico propio a trav\u00e9s del pianotelling, una fusi\u00f3n entre m\u00fasica y literatura que transforma experiencias personales en obras sonoras. Su trabajo parte de la creaci\u00f3n de microrrelatos autobiogr\u00e1ficos que se convierten en composiciones para piano, generando un di\u00e1logo \u00edntimo entre palabra y m\u00fasica.El pianotelling es una propuesta art\u00edstica que sit\u00faa el piano como herramienta narrativa, donde cada pieza cuenta una historia. A trav\u00e9s de este enfoque, Elsa Mu\u00f1iz pianista construye un universo contempor\u00e1neo que conecta con el p\u00fablico desde la emoci\u00f3n, la cercan\u00eda y la autenticidad.Su actividad incluye conciertos, creaci\u00f3n esc\u00e9nica y proyectos culturales con perspectiva de g\u00e9nero, aportando nuevas formas de escuchar y entender la m\u00fasica cl\u00e1sica en la actualidad. Cada interpretaci\u00f3n se convierte en una experiencia inmersiva en la que el piano act\u00faa como voz y memoria.\" \/>\n<meta property=\"og:url\" content=\"https:\/\/elsapianomusic.com\/en_us\/\" \/>\n<meta property=\"og:site_name\" content=\"Elsa Mu\u00f1iz\" \/>\n<meta property=\"article:modified_time\" content=\"2026-04-21T10:53:43+00:00\" \/>\n<meta name=\"twitter:card\" content=\"summary_large_image\" \/>\n<meta name=\"twitter:label1\" content=\"Est. reading time\" \/>\n\t<meta name=\"twitter:data1\" content=\"1 minute\" \/>\n<script type=\"application\/ld+json\" class=\"yoast-schema-graph\">{\"@context\":\"https:\\\/\\\/schema.org\",\"@graph\":[{\"@type\":\"WebPage\",\"@id\":\"https:\\\/\\\/elsapianomusic.com\\\/\",\"url\":\"https:\\\/\\\/elsapianomusic.com\\\/\",\"name\":\"Elsa Mu\u00f1iz - Pianista, compositora y creadora del Pianotelling\",\"isPartOf\":{\"@id\":\"https:\\\/\\\/elsapianomusic.com\\\/#website\"},\"datePublished\":\"2020-08-04T03:00:03+00:00\",\"dateModified\":\"2026-04-21T10:53:43+00:00\",\"description\":\"Elsa Mu\u00f1iz es una pianista y compositora gallega que desarrolla un lenguaje art\u00edstico propio a trav\u00e9s del pianotelling, una fusi\u00f3n entre m\u00fasica y literatura que transforma experiencias personales en obras sonoras. Su trabajo parte de la creaci\u00f3n de microrrelatos autobiogr\u00e1ficos que se convierten en composiciones para piano, generando un di\u00e1logo \u00edntimo entre palabra y m\u00fasica.El pianotelling es una propuesta art\u00edstica que sit\u00faa el piano como herramienta narrativa, donde cada pieza cuenta una historia. A trav\u00e9s de este enfoque, Elsa Mu\u00f1iz pianista construye un universo contempor\u00e1neo que conecta con el p\u00fablico desde la emoci\u00f3n, la cercan\u00eda y la autenticidad.Su actividad incluye conciertos, creaci\u00f3n esc\u00e9nica y proyectos culturales con perspectiva de g\u00e9nero, aportando nuevas formas de escuchar y entender la m\u00fasica cl\u00e1sica en la actualidad. Cada interpretaci\u00f3n se convierte en una experiencia inmersiva en la que el piano act\u00faa como voz y memoria.\",\"breadcrumb\":{\"@id\":\"https:\\\/\\\/elsapianomusic.com\\\/#breadcrumb\"},\"inLanguage\":\"en-US\",\"potentialAction\":[{\"@type\":\"ReadAction\",\"target\":[\"https:\\\/\\\/elsapianomusic.com\\\/\"]}]},{\"@type\":\"BreadcrumbList\",\"@id\":\"https:\\\/\\\/elsapianomusic.com\\\/#breadcrumb\",\"itemListElement\":[{\"@type\":\"ListItem\",\"position\":1,\"name\":\"Portada\",\"item\":\"https:\\\/\\\/elsapianomusic.com\\\/\"},{\"@type\":\"ListItem\",\"position\":2,\"name\":\"Inicio\"}]},{\"@type\":\"WebSite\",\"@id\":\"https:\\\/\\\/elsapianomusic.com\\\/#website\",\"url\":\"https:\\\/\\\/elsapianomusic.com\\\/\",\"name\":\"Elsa Mu\u00f1iz\",\"description\":\"Pianista, profesora y compositora\",\"publisher\":{\"@id\":\"https:\\\/\\\/elsapianomusic.com\\\/#organization\"},\"potentialAction\":[{\"@type\":\"SearchAction\",\"target\":{\"@type\":\"EntryPoint\",\"urlTemplate\":\"https:\\\/\\\/elsapianomusic.com\\\/?s={search_term_string}\"},\"query-input\":{\"@type\":\"PropertyValueSpecification\",\"valueRequired\":true,\"valueName\":\"search_term_string\"}}],\"inLanguage\":\"en-US\"},{\"@type\":\"Organization\",\"@id\":\"https:\\\/\\\/elsapianomusic.com\\\/#organization\",\"name\":\"Elsa Mu\u00f1iz\",\"url\":\"https:\\\/\\\/elsapianomusic.com\\\/\",\"logo\":{\"@type\":\"ImageObject\",\"inLanguage\":\"en-US\",\"@id\":\"https:\\\/\\\/elsapianomusic.com\\\/#\\\/schema\\\/logo\\\/image\\\/\",\"url\":\"https:\\\/\\\/elsapianomusic.com\\\/wp-content\\\/uploads\\\/2020\\\/11\\\/cropped-Logo-Elsa-Mun\u0303iz-completo.jpg\",\"contentUrl\":\"https:\\\/\\\/elsapianomusic.com\\\/wp-content\\\/uploads\\\/2020\\\/11\\\/cropped-Logo-Elsa-Mun\u0303iz-completo.jpg\",\"width\":2097,\"height\":700,\"caption\":\"Elsa Mu\u00f1iz\"},\"image\":{\"@id\":\"https:\\\/\\\/elsapianomusic.com\\\/#\\\/schema\\\/logo\\\/image\\\/\"}}]}<\/script>\n<!-- \/ Yoast SEO plugin. -->","yoast_head_json":{"title":"Elsa Mu\u00f1iz - Pianista, compositora y creadora del Pianotelling","description":"Elsa Mu\u00f1iz es una pianista y compositora gallega que desarrolla un lenguaje art\u00edstico propio a trav\u00e9s del pianotelling, una fusi\u00f3n entre m\u00fasica y literatura que transforma experiencias personales en obras sonoras. Su trabajo parte de la creaci\u00f3n de microrrelatos autobiogr\u00e1ficos que se convierten en composiciones para piano, generando un di\u00e1logo \u00edntimo entre palabra y m\u00fasica.El pianotelling es una propuesta art\u00edstica que sit\u00faa el piano como herramienta narrativa, donde cada pieza cuenta una historia. A trav\u00e9s de este enfoque, Elsa Mu\u00f1iz pianista construye un universo contempor\u00e1neo que conecta con el p\u00fablico desde la emoci\u00f3n, la cercan\u00eda y la autenticidad.Su actividad incluye conciertos, creaci\u00f3n esc\u00e9nica y proyectos culturales con perspectiva de g\u00e9nero, aportando nuevas formas de escuchar y entender la m\u00fasica cl\u00e1sica en la actualidad. Cada interpretaci\u00f3n se convierte en una experiencia inmersiva en la que el piano act\u00faa como voz y memoria.","robots":{"index":"index","follow":"follow","max-snippet":"max-snippet:-1","max-image-preview":"max-image-preview:large","max-video-preview":"max-video-preview:-1"},"canonical":"https:\/\/elsapianomusic.com\/en_us\/","og_locale":"en_US","og_type":"article","og_title":"Elsa Mu\u00f1iz - Pianista, compositora y creadora del Pianotelling","og_description":"Elsa Mu\u00f1iz es una pianista y compositora gallega que desarrolla un lenguaje art\u00edstico propio a trav\u00e9s del pianotelling, una fusi\u00f3n entre m\u00fasica y literatura que transforma experiencias personales en obras sonoras. Su trabajo parte de la creaci\u00f3n de microrrelatos autobiogr\u00e1ficos que se convierten en composiciones para piano, generando un di\u00e1logo \u00edntimo entre palabra y m\u00fasica.El pianotelling es una propuesta art\u00edstica que sit\u00faa el piano como herramienta narrativa, donde cada pieza cuenta una historia. A trav\u00e9s de este enfoque, Elsa Mu\u00f1iz pianista construye un universo contempor\u00e1neo que conecta con el p\u00fablico desde la emoci\u00f3n, la cercan\u00eda y la autenticidad.Su actividad incluye conciertos, creaci\u00f3n esc\u00e9nica y proyectos culturales con perspectiva de g\u00e9nero, aportando nuevas formas de escuchar y entender la m\u00fasica cl\u00e1sica en la actualidad. Cada interpretaci\u00f3n se convierte en una experiencia inmersiva en la que el piano act\u00faa como voz y memoria.","og_url":"https:\/\/elsapianomusic.com\/en_us\/","og_site_name":"Elsa Mu\u00f1iz","article_modified_time":"2026-04-21T10:53:43+00:00","twitter_card":"summary_large_image","twitter_misc":{"Est. reading time":"1 minute"},"schema":{"@context":"https:\/\/schema.org","@graph":[{"@type":"WebPage","@id":"https:\/\/elsapianomusic.com\/","url":"https:\/\/elsapianomusic.com\/","name":"Elsa Mu\u00f1iz - Pianista, compositora y creadora del Pianotelling","isPartOf":{"@id":"https:\/\/elsapianomusic.com\/#website"},"datePublished":"2020-08-04T03:00:03+00:00","dateModified":"2026-04-21T10:53:43+00:00","description":"Elsa Mu\u00f1iz es una pianista y compositora gallega que desarrolla un lenguaje art\u00edstico propio a trav\u00e9s del pianotelling, una fusi\u00f3n entre m\u00fasica y literatura que transforma experiencias personales en obras sonoras. Su trabajo parte de la creaci\u00f3n de microrrelatos autobiogr\u00e1ficos que se convierten en composiciones para piano, generando un di\u00e1logo \u00edntimo entre palabra y m\u00fasica.El pianotelling es una propuesta art\u00edstica que sit\u00faa el piano como herramienta narrativa, donde cada pieza cuenta una historia. A trav\u00e9s de este enfoque, Elsa Mu\u00f1iz pianista construye un universo contempor\u00e1neo que conecta con el p\u00fablico desde la emoci\u00f3n, la cercan\u00eda y la autenticidad.Su actividad incluye conciertos, creaci\u00f3n esc\u00e9nica y proyectos culturales con perspectiva de g\u00e9nero, aportando nuevas formas de escuchar y entender la m\u00fasica cl\u00e1sica en la actualidad. Cada interpretaci\u00f3n se convierte en una experiencia inmersiva en la que el piano act\u00faa como voz y memoria.","breadcrumb":{"@id":"https:\/\/elsapianomusic.com\/#breadcrumb"},"inLanguage":"en-US","potentialAction":[{"@type":"ReadAction","target":["https:\/\/elsapianomusic.com\/"]}]},{"@type":"BreadcrumbList","@id":"https:\/\/elsapianomusic.com\/#breadcrumb","itemListElement":[{"@type":"ListItem","position":1,"name":"Portada","item":"https:\/\/elsapianomusic.com\/"},{"@type":"ListItem","position":2,"name":"Inicio"}]},{"@type":"WebSite","@id":"https:\/\/elsapianomusic.com\/#website","url":"https:\/\/elsapianomusic.com\/","name":"Elsa Mu\u00f1iz","description":"Pianista, profesora y compositora","publisher":{"@id":"https:\/\/elsapianomusic.com\/#organization"},"potentialAction":[{"@type":"SearchAction","target":{"@type":"EntryPoint","urlTemplate":"https:\/\/elsapianomusic.com\/?s={search_term_string}"},"query-input":{"@type":"PropertyValueSpecification","valueRequired":true,"valueName":"search_term_string"}}],"inLanguage":"en-US"},{"@type":"Organization","@id":"https:\/\/elsapianomusic.com\/#organization","name":"Elsa Mu\u00f1iz","url":"https:\/\/elsapianomusic.com\/","logo":{"@type":"ImageObject","inLanguage":"en-US","@id":"https:\/\/elsapianomusic.com\/#\/schema\/logo\/image\/","url":"https:\/\/elsapianomusic.com\/wp-content\/uploads\/2020\/11\/cropped-Logo-Elsa-Mun\u0303iz-completo.jpg","contentUrl":"https:\/\/elsapianomusic.com\/wp-content\/uploads\/2020\/11\/cropped-Logo-Elsa-Mun\u0303iz-completo.jpg","width":2097,"height":700,"caption":"Elsa Mu\u00f1iz"},"image":{"@id":"https:\/\/elsapianomusic.com\/#\/schema\/logo\/image\/"}}]}},"_links":{"self":[{"href":"https:\/\/elsapianomusic.com\/en_us\/wp-json\/wp\/v2\/pages\/14","targetHints":{"allow":["GET"]}}],"collection":[{"href":"https:\/\/elsapianomusic.com\/en_us\/wp-json\/wp\/v2\/pages"}],"about":[{"href":"https:\/\/elsapianomusic.com\/en_us\/wp-json\/wp\/v2\/types\/page"}],"author":[{"embeddable":true,"href":"https:\/\/elsapianomusic.com\/en_us\/wp-json\/wp\/v2\/users\/1"}],"replies":[{"embeddable":true,"href":"https:\/\/elsapianomusic.com\/en_us\/wp-json\/wp\/v2\/comments?post=14"}],"version-history":[{"count":61,"href":"https:\/\/elsapianomusic.com\/en_us\/wp-json\/wp\/v2\/pages\/14\/revisions"}],"predecessor-version":[{"id":1424,"href":"https:\/\/elsapianomusic.com\/en_us\/wp-json\/wp\/v2\/pages\/14\/revisions\/1424"}],"wp:attachment":[{"href":"https:\/\/elsapianomusic.com\/en_us\/wp-json\/wp\/v2\/media?parent=14"}],"curies":[{"name":"wp","href":"https:\/\/api.w.org\/{rel}","templated":true}]}}