{"id":1453,"date":"2026-05-13T12:00:14","date_gmt":"2026-05-13T10:00:14","guid":{"rendered":"https:\/\/elsapianomusic.com\/?page_id=1453"},"modified":"2026-05-13T12:33:52","modified_gmt":"2026-05-13T10:33:52","slug":"entrevistas-en-radio","status":"publish","type":"page","link":"https:\/\/elsapianomusic.com\/en_us\/entrevistas-en-radio\/","title":{"rendered":"Radio"},"content":{"rendered":"<div data-elementor-type=\"wp-page\" data-elementor-id=\"1453\" class=\"elementor elementor-1453\" data-elementor-post-type=\"page\">\n\t\t\t\t\t\t<section class=\"elementor-section elementor-top-section elementor-element elementor-element-9547831 elementor-section-boxed elementor-section-height-default elementor-section-height-default\" data-id=\"9547831\" data-element_type=\"section\" data-e-type=\"section\" data-settings=\"{&quot;background_background&quot;:&quot;classic&quot;}\">\n\t\t\t\t\t\t<div class=\"elementor-container elementor-column-gap-default\">\n\t\t\t\t\t<div class=\"elementor-column elementor-col-100 elementor-top-column elementor-element elementor-element-e0df153\" data-id=\"e0df153\" data-element_type=\"column\" data-e-type=\"column\">\n\t\t\t<div class=\"elementor-widget-wrap elementor-element-populated\">\n\t\t\t\t\t\t<div class=\"elementor-element elementor-element-a629883 elementor-widget elementor-widget-spacer\" data-id=\"a629883\" data-element_type=\"widget\" data-e-type=\"widget\" data-widget_type=\"spacer.default\">\n\t\t\t\t<div class=\"elementor-widget-container\">\n\t\t\t\t\t\t\t<div class=\"elementor-spacer\">\n\t\t\t<div class=\"elementor-spacer-inner\"><\/div>\n\t\t<\/div>\n\t\t\t\t\t\t<\/div>\n\t\t\t\t<\/div>\n\t\t\t\t<div class=\"elementor-element elementor-element-7090121 elementor-widget elementor-widget-heading\" data-id=\"7090121\" data-element_type=\"widget\" data-e-type=\"widget\" data-widget_type=\"heading.default\">\n\t\t\t\t<div class=\"elementor-widget-container\">\n\t\t\t\t\t<h2 class=\"elementor-heading-title elementor-size-default\">Entrevista en Radio Cl\u00e1sica <br>Sinfon\u00eda de la Ma\u00f1ana<\/h2>\t\t\t\t<\/div>\n\t\t\t\t<\/div>\n\t\t\t\t<div class=\"elementor-element elementor-element-39d19f9 elementor-widget elementor-widget-image\" data-id=\"39d19f9\" data-element_type=\"widget\" data-e-type=\"widget\" data-widget_type=\"image.default\">\n\t\t\t\t<div class=\"elementor-widget-container\">\n\t\t\t\t\t\t\t\t\t\t\t\t\t\t\t<img fetchpriority=\"high\" decoding=\"async\" width=\"1024\" height=\"359\" src=\"https:\/\/elsapianomusic.com\/wp-content\/uploads\/2026\/05\/Captura-de-pantalla-2025-10-30-a-las-18.15.04-1024x359.png\" class=\"attachment-large size-large wp-image-1475\" alt=\"\" srcset=\"https:\/\/elsapianomusic.com\/wp-content\/uploads\/2026\/05\/Captura-de-pantalla-2025-10-30-a-las-18.15.04-1024x359.png 1024w, https:\/\/elsapianomusic.com\/wp-content\/uploads\/2026\/05\/Captura-de-pantalla-2025-10-30-a-las-18.15.04-300x105.png 300w, https:\/\/elsapianomusic.com\/wp-content\/uploads\/2026\/05\/Captura-de-pantalla-2025-10-30-a-las-18.15.04-768x269.png 768w, https:\/\/elsapianomusic.com\/wp-content\/uploads\/2026\/05\/Captura-de-pantalla-2025-10-30-a-las-18.15.04-1536x538.png 1536w, https:\/\/elsapianomusic.com\/wp-content\/uploads\/2026\/05\/Captura-de-pantalla-2025-10-30-a-las-18.15.04-2048x718.png 2048w, https:\/\/elsapianomusic.com\/wp-content\/uploads\/2026\/05\/Captura-de-pantalla-2025-10-30-a-las-18.15.04-18x6.png 18w, https:\/\/elsapianomusic.com\/wp-content\/uploads\/2026\/05\/Captura-de-pantalla-2025-10-30-a-las-18.15.04-600x210.png 600w\" sizes=\"(max-width: 1024px) 100vw, 1024px\" \/>\t\t\t\t\t\t\t\t\t\t\t\t\t\t\t<\/div>\n\t\t\t\t<\/div>\n\t\t\t\t<div class=\"elementor-element elementor-element-d45c6d8 elementor-widget elementor-widget-image\" data-id=\"d45c6d8\" data-element_type=\"widget\" data-e-type=\"widget\" data-widget_type=\"image.default\">\n\t\t\t\t<div class=\"elementor-widget-container\">\n\t\t\t\t\t\t\t\t\t\t\t\t\t\t\t\t<a href=\"https:\/\/www.rtve.es\/play\/audios\/sinfonia-de-la-manana\/empezar-cero-entrevista-elsa-muniz-26-06-25\/16641187\/%20\">\n\t\t\t\t\t\t\t<img decoding=\"async\" src=\"https:\/\/elsapianomusic.com\/wp-content\/uploads\/elementor\/thumbs\/IMG_0247-2-scaled-rne51pzm3xp2mrsjye45kb6rr0e6inhy8pwcpbjk34.jpg\" title=\"Sinfon\u00eda de la ma\u00f1ana\" alt=\"Radio Cl\u00e1sica Elsa Mu\u00f1iz\" loading=\"lazy\" \/>\t\t\t\t\t\t\t\t<\/a>\n\t\t\t\t\t\t\t\t\t\t\t\t\t\t\t<\/div>\n\t\t\t\t<\/div>\n\t\t\t\t<div class=\"elementor-element elementor-element-7d139a5 elementor-widget elementor-widget-heading\" data-id=\"7d139a5\" data-element_type=\"widget\" data-e-type=\"widget\" data-widget_type=\"heading.default\">\n\t\t\t\t<div class=\"elementor-widget-container\">\n\t\t\t\t\t<h2 class=\"elementor-heading-title elementor-size-default\">Entrevista en RNE<br>El Ojo Cr\u00edtico<\/h2>\t\t\t\t<\/div>\n\t\t\t\t<\/div>\n\t\t\t\t<div class=\"elementor-element elementor-element-44c84e59 elementor-widget elementor-widget-image\" data-id=\"44c84e59\" data-element_type=\"widget\" data-e-type=\"widget\" data-widget_type=\"image.default\">\n\t\t\t\t<div class=\"elementor-widget-container\">\n\t\t\t\t\t\t\t\t\t\t\t\t\t\t\t\t<a href=\"https:\/\/www.rtve.es\/play\/audios\/el-ojo-critico\/ojo-critico-new-beginnings-salto-vital-elsa-muniz\/16641923\/\">\n\t\t\t\t\t\t\t<img decoding=\"async\" width=\"1024\" height=\"298\" src=\"https:\/\/elsapianomusic.com\/wp-content\/uploads\/2026\/05\/Captura-de-pantalla-2025-10-30-a-las-18.34.20-1024x298.png\" class=\"attachment-large size-large wp-image-1461\" alt=\"\" srcset=\"https:\/\/elsapianomusic.com\/wp-content\/uploads\/2026\/05\/Captura-de-pantalla-2025-10-30-a-las-18.34.20-1024x298.png 1024w, https:\/\/elsapianomusic.com\/wp-content\/uploads\/2026\/05\/Captura-de-pantalla-2025-10-30-a-las-18.34.20-300x87.png 300w, https:\/\/elsapianomusic.com\/wp-content\/uploads\/2026\/05\/Captura-de-pantalla-2025-10-30-a-las-18.34.20-768x224.png 768w, https:\/\/elsapianomusic.com\/wp-content\/uploads\/2026\/05\/Captura-de-pantalla-2025-10-30-a-las-18.34.20-1536x447.png 1536w, https:\/\/elsapianomusic.com\/wp-content\/uploads\/2026\/05\/Captura-de-pantalla-2025-10-30-a-las-18.34.20-2048x596.png 2048w, https:\/\/elsapianomusic.com\/wp-content\/uploads\/2026\/05\/Captura-de-pantalla-2025-10-30-a-las-18.34.20-18x5.png 18w, https:\/\/elsapianomusic.com\/wp-content\/uploads\/2026\/05\/Captura-de-pantalla-2025-10-30-a-las-18.34.20-600x175.png 600w\" sizes=\"(max-width: 1024px) 100vw, 1024px\" \/>\t\t\t\t\t\t\t\t<\/a>\n\t\t\t\t\t\t\t\t\t\t\t\t\t\t\t<\/div>\n\t\t\t\t<\/div>\n\t\t\t\t<div class=\"elementor-element elementor-element-b68f197 elementor-widget elementor-widget-image\" data-id=\"b68f197\" data-element_type=\"widget\" data-e-type=\"widget\" data-widget_type=\"image.default\">\n\t\t\t\t<div class=\"elementor-widget-container\">\n\t\t\t\t\t\t\t\t\t\t\t\t\t\t\t\t<a href=\"https:\/\/www.rtve.es\/play\/audios\/el-ojo-critico\/ojo-critico-new-beginnings-salto-vital-elsa-muniz\/16641923\/\">\n\t\t\t\t\t\t\t<img decoding=\"async\" src=\"https:\/\/elsapianomusic.com\/wp-content\/uploads\/elementor\/thumbs\/IMG_0285-2-scaled-rne5gzv9lq4eoak590teoos3spqctjnmpyqen5qsv4.jpg\" title=\"IMG_0285 2\" alt=\"IMG_0285 2\" loading=\"lazy\" \/>\t\t\t\t\t\t\t\t<\/a>\n\t\t\t\t\t\t\t\t\t\t\t\t\t\t\t<\/div>\n\t\t\t\t<\/div>\n\t\t\t\t<div class=\"elementor-element elementor-element-d9b7e95 elementor-widget elementor-widget-image\" data-id=\"d9b7e95\" data-element_type=\"widget\" data-e-type=\"widget\" data-widget_type=\"image.default\">\n\t\t\t\t<div class=\"elementor-widget-container\">\n\t\t\t\t\t\t\t\t\t\t\t\t\t\t\t\t<a href=\"https:\/\/www.rtve.es\/play\/audios\/el-ojo-critico\/ojo-critico-new-beginnings-salto-vital-elsa-muniz\/16641923\/\">\n\t\t\t\t\t\t\t<img decoding=\"async\" width=\"600\" height=\"400\" src=\"https:\/\/elsapianomusic.com\/wp-content\/uploads\/2026\/05\/fed4c119-9207-4d33-8e30-f6537d3fed84-2-600x400.jpg\" class=\"attachment-woocommerce_single size-woocommerce_single wp-image-1459\" alt=\"\" srcset=\"https:\/\/elsapianomusic.com\/wp-content\/uploads\/2026\/05\/fed4c119-9207-4d33-8e30-f6537d3fed84-2-600x400.jpg 600w, https:\/\/elsapianomusic.com\/wp-content\/uploads\/2026\/05\/fed4c119-9207-4d33-8e30-f6537d3fed84-2-300x200.jpg 300w, https:\/\/elsapianomusic.com\/wp-content\/uploads\/2026\/05\/fed4c119-9207-4d33-8e30-f6537d3fed84-2-1024x683.jpg 1024w, https:\/\/elsapianomusic.com\/wp-content\/uploads\/2026\/05\/fed4c119-9207-4d33-8e30-f6537d3fed84-2-768x512.jpg 768w, https:\/\/elsapianomusic.com\/wp-content\/uploads\/2026\/05\/fed4c119-9207-4d33-8e30-f6537d3fed84-2-1536x1024.jpg 1536w, https:\/\/elsapianomusic.com\/wp-content\/uploads\/2026\/05\/fed4c119-9207-4d33-8e30-f6537d3fed84-2-2048x1366.jpg 2048w, https:\/\/elsapianomusic.com\/wp-content\/uploads\/2026\/05\/fed4c119-9207-4d33-8e30-f6537d3fed84-2-18x12.jpg 18w\" sizes=\"(max-width: 600px) 100vw, 600px\" \/>\t\t\t\t\t\t\t\t<\/a>\n\t\t\t\t\t\t\t\t\t\t\t\t\t\t\t<\/div>\n\t\t\t\t<\/div>\n\t\t\t\t<div class=\"elementor-element elementor-element-33f6c2f elementor-widget elementor-widget-spacer\" data-id=\"33f6c2f\" data-element_type=\"widget\" data-e-type=\"widget\" data-widget_type=\"spacer.default\">\n\t\t\t\t<div class=\"elementor-widget-container\">\n\t\t\t\t\t\t\t<div class=\"elementor-spacer\">\n\t\t\t<div class=\"elementor-spacer-inner\"><\/div>\n\t\t<\/div>\n\t\t\t\t\t\t<\/div>\n\t\t\t\t<\/div>\n\t\t\t\t<div class=\"elementor-element elementor-element-d07a25f elementor-widget elementor-widget-heading\" data-id=\"d07a25f\" data-element_type=\"widget\" data-e-type=\"widget\" data-widget_type=\"heading.default\">\n\t\t\t\t<div class=\"elementor-widget-container\">\n\t\t\t\t\t<h2 class=\"elementor-heading-title elementor-size-default\">Entrevista en RNE <br>Espa\u00f1oles en la Mar<\/h2>\t\t\t\t<\/div>\n\t\t\t\t<\/div>\n\t\t\t\t<div class=\"elementor-element elementor-element-0ac9b18 elementor-widget elementor-widget-image\" data-id=\"0ac9b18\" data-element_type=\"widget\" data-e-type=\"widget\" data-widget_type=\"image.default\">\n\t\t\t\t<div class=\"elementor-widget-container\">\n\t\t\t\t\t\t\t\t\t\t\t\t\t\t\t\t<a href=\"https:\/\/www.rtve.es\/play\/audios\/espanoles-en-la-mar\/espanoles-mar-dia-internacional-mujer-sector-maritimo\/16105413\/%20\">\n\t\t\t\t\t\t\t<img loading=\"lazy\" decoding=\"async\" width=\"1024\" height=\"447\" src=\"https:\/\/elsapianomusic.com\/wp-content\/uploads\/2026\/05\/Captura-de-pantalla-2025-10-30-a-las-18.35.35-1024x447.png\" class=\"attachment-large size-large wp-image-1468\" alt=\"\" srcset=\"https:\/\/elsapianomusic.com\/wp-content\/uploads\/2026\/05\/Captura-de-pantalla-2025-10-30-a-las-18.35.35-1024x447.png 1024w, https:\/\/elsapianomusic.com\/wp-content\/uploads\/2026\/05\/Captura-de-pantalla-2025-10-30-a-las-18.35.35-300x131.png 300w, https:\/\/elsapianomusic.com\/wp-content\/uploads\/2026\/05\/Captura-de-pantalla-2025-10-30-a-las-18.35.35-768x335.png 768w, https:\/\/elsapianomusic.com\/wp-content\/uploads\/2026\/05\/Captura-de-pantalla-2025-10-30-a-las-18.35.35-1536x670.png 1536w, https:\/\/elsapianomusic.com\/wp-content\/uploads\/2026\/05\/Captura-de-pantalla-2025-10-30-a-las-18.35.35-2048x894.png 2048w, https:\/\/elsapianomusic.com\/wp-content\/uploads\/2026\/05\/Captura-de-pantalla-2025-10-30-a-las-18.35.35-18x8.png 18w, https:\/\/elsapianomusic.com\/wp-content\/uploads\/2026\/05\/Captura-de-pantalla-2025-10-30-a-las-18.35.35-600x262.png 600w\" sizes=\"(max-width: 1024px) 100vw, 1024px\" \/>\t\t\t\t\t\t\t\t<\/a>\n\t\t\t\t\t\t\t\t\t\t\t\t\t\t\t<\/div>\n\t\t\t\t<\/div>\n\t\t\t\t<div class=\"elementor-element elementor-element-e27863e elementor-widget elementor-widget-spacer\" data-id=\"e27863e\" data-element_type=\"widget\" data-e-type=\"widget\" data-widget_type=\"spacer.default\">\n\t\t\t\t<div class=\"elementor-widget-container\">\n\t\t\t\t\t\t\t<div class=\"elementor-spacer\">\n\t\t\t<div class=\"elementor-spacer-inner\"><\/div>\n\t\t<\/div>\n\t\t\t\t\t\t<\/div>\n\t\t\t\t<\/div>\n\t\t\t\t<div class=\"elementor-element elementor-element-f898454 elementor-widget elementor-widget-spacer\" data-id=\"f898454\" data-element_type=\"widget\" data-e-type=\"widget\" data-widget_type=\"spacer.default\">\n\t\t\t\t<div class=\"elementor-widget-container\">\n\t\t\t\t\t\t\t<div class=\"elementor-spacer\">\n\t\t\t<div class=\"elementor-spacer-inner\"><\/div>\n\t\t<\/div>\n\t\t\t\t\t\t<\/div>\n\t\t\t\t<\/div>\n\t\t\t\t<div class=\"elementor-element elementor-element-1bed1de elementor-widget elementor-widget-spacer\" data-id=\"1bed1de\" data-element_type=\"widget\" data-e-type=\"widget\" data-widget_type=\"spacer.default\">\n\t\t\t\t<div class=\"elementor-widget-container\">\n\t\t\t\t\t\t\t<div class=\"elementor-spacer\">\n\t\t\t<div class=\"elementor-spacer-inner\"><\/div>\n\t\t<\/div>\n\t\t\t\t\t\t<\/div>\n\t\t\t\t<\/div>\n\t\t\t\t<div class=\"elementor-element elementor-element-69563c1 elementor-widget elementor-widget-spacer\" data-id=\"69563c1\" data-element_type=\"widget\" data-e-type=\"widget\" data-widget_type=\"spacer.default\">\n\t\t\t\t<div class=\"elementor-widget-container\">\n\t\t\t\t\t\t\t<div class=\"elementor-spacer\">\n\t\t\t<div class=\"elementor-spacer-inner\"><\/div>\n\t\t<\/div>\n\t\t\t\t\t\t<\/div>\n\t\t\t\t<\/div>\n\t\t\t\t\t<\/div>\n\t\t<\/div>\n\t\t\t\t\t<\/div>\n\t\t<\/section>\n\t\t\t\t<\/div>","protected":false},"excerpt":{"rendered":"<p>Entrevista en Radio Cl\u00e1sica Sinfon\u00eda de la Ma\u00f1ana Entrevista en RNE El Ojo Cr\u00edtico Entrevista en RNE Espa\u00f1oles en la Mar<\/p>","protected":false},"author":1,"featured_media":0,"parent":0,"menu_order":0,"comment_status":"closed","ping_status":"closed","template":"","meta":{"site-sidebar-layout":"no-sidebar","site-content-layout":"page-builder","ast-site-content-layout":"full-width-container","site-content-style":"unboxed","site-sidebar-style":"unboxed","ast-global-header-display":"","ast-banner-title-visibility":"","ast-main-header-display":"","ast-hfb-above-header-display":"","ast-hfb-below-header-display":"","ast-hfb-mobile-header-display":"","site-post-title":"disabled","ast-breadcrumbs-content":"","ast-featured-img":"disabled","footer-sml-layout":"","ast-disable-related-posts":"","theme-transparent-header-meta":"default","adv-header-id-meta":"","stick-header-meta":"","header-above-stick-meta":"","header-main-stick-meta":"","header-below-stick-meta":"","astra-migrate-meta-layouts":"set","ast-page-background-enabled":"default","ast-page-background-meta":{"desktop":{"background-color":"","background-image":"","background-repeat":"repeat","background-position":"center center","background-size":"auto","background-attachment":"scroll","background-type":"","background-media":"","overlay-type":"","overlay-color":"","overlay-opacity":"","overlay-gradient":""},"tablet":{"background-color":"","background-image":"","background-repeat":"repeat","background-position":"center center","background-size":"auto","background-attachment":"scroll","background-type":"","background-media":"","overlay-type":"","overlay-color":"","overlay-opacity":"","overlay-gradient":""},"mobile":{"background-color":"","background-image":"","background-repeat":"repeat","background-position":"center center","background-size":"auto","background-attachment":"scroll","background-type":"","background-media":"","overlay-type":"","overlay-color":"","overlay-opacity":"","overlay-gradient":""}},"ast-content-background-meta":{"desktop":{"background-color":"var(--ast-global-color-5)","background-image":"","background-repeat":"repeat","background-position":"center center","background-size":"auto","background-attachment":"scroll","background-type":"","background-media":"","overlay-type":"","overlay-color":"","overlay-opacity":"","overlay-gradient":""},"tablet":{"background-color":"var(--ast-global-color-5)","background-image":"","background-repeat":"repeat","background-position":"center center","background-size":"auto","background-attachment":"scroll","background-type":"","background-media":"","overlay-type":"","overlay-color":"","overlay-opacity":"","overlay-gradient":""},"mobile":{"background-color":"var(--ast-global-color-5)","background-image":"","background-repeat":"repeat","background-position":"center center","background-size":"auto","background-attachment":"scroll","background-type":"","background-media":"","overlay-type":"","overlay-color":"","overlay-opacity":"","overlay-gradient":""}},"footnotes":""},"class_list":["post-1453","page","type-page","status-publish","hentry"],"yoast_head":"<!-- This site is optimized with the Yoast SEO plugin v27.4 - https:\/\/yoast.com\/product\/yoast-seo-wordpress\/ -->\n<title>Radio - Elsa Mu\u00f1iz<\/title>\n<meta name=\"robots\" content=\"index, follow, max-snippet:-1, max-image-preview:large, max-video-preview:-1\" \/>\n<link rel=\"canonical\" href=\"https:\/\/elsapianomusic.com\/en_us\/entrevistas-en-radio\/\" \/>\n<meta property=\"og:locale\" content=\"en_US\" \/>\n<meta property=\"og:type\" content=\"article\" \/>\n<meta property=\"og:title\" content=\"Radio - Elsa Mu\u00f1iz\" \/>\n<meta property=\"og:description\" content=\"Entrevista en Radio Cl\u00e1sica Sinfon\u00eda de la Ma\u00f1ana Entrevista en RNE El Ojo Cr\u00edtico Entrevista en RNE Espa\u00f1oles en la Mar\" \/>\n<meta property=\"og:url\" content=\"https:\/\/elsapianomusic.com\/en_us\/entrevistas-en-radio\/\" \/>\n<meta property=\"og:site_name\" content=\"Elsa Mu\u00f1iz\" \/>\n<meta property=\"article:modified_time\" content=\"2026-05-13T10:33:52+00:00\" \/>\n<meta property=\"og:image\" content=\"https:\/\/elsapianomusic.com\/wp-content\/uploads\/2026\/05\/Captura-de-pantalla-2025-10-30-a-las-18.15.04-1024x359.png\" \/>\n<meta name=\"twitter:card\" content=\"summary_large_image\" \/>\n<meta name=\"twitter:label1\" content=\"Est. reading time\" \/>\n\t<meta name=\"twitter:data1\" content=\"2 minutes\" \/>\n<script type=\"application\/ld+json\" class=\"yoast-schema-graph\">{\"@context\":\"https:\\\/\\\/schema.org\",\"@graph\":[{\"@type\":\"WebPage\",\"@id\":\"https:\\\/\\\/elsapianomusic.com\\\/entrevistas-en-radio\\\/\",\"url\":\"https:\\\/\\\/elsapianomusic.com\\\/entrevistas-en-radio\\\/\",\"name\":\"Radio - Elsa Mu\u00f1iz\",\"isPartOf\":{\"@id\":\"https:\\\/\\\/elsapianomusic.com\\\/#website\"},\"primaryImageOfPage\":{\"@id\":\"https:\\\/\\\/elsapianomusic.com\\\/entrevistas-en-radio\\\/#primaryimage\"},\"image\":{\"@id\":\"https:\\\/\\\/elsapianomusic.com\\\/entrevistas-en-radio\\\/#primaryimage\"},\"thumbnailUrl\":\"https:\\\/\\\/elsapianomusic.com\\\/wp-content\\\/uploads\\\/2026\\\/05\\\/Captura-de-pantalla-2025-10-30-a-las-18.15.04-1024x359.png\",\"datePublished\":\"2026-05-13T10:00:14+00:00\",\"dateModified\":\"2026-05-13T10:33:52+00:00\",\"breadcrumb\":{\"@id\":\"https:\\\/\\\/elsapianomusic.com\\\/entrevistas-en-radio\\\/#breadcrumb\"},\"inLanguage\":\"en-US\",\"potentialAction\":[{\"@type\":\"ReadAction\",\"target\":[\"https:\\\/\\\/elsapianomusic.com\\\/entrevistas-en-radio\\\/\"]}]},{\"@type\":\"ImageObject\",\"inLanguage\":\"en-US\",\"@id\":\"https:\\\/\\\/elsapianomusic.com\\\/entrevistas-en-radio\\\/#primaryimage\",\"url\":\"https:\\\/\\\/elsapianomusic.com\\\/wp-content\\\/uploads\\\/2026\\\/05\\\/Captura-de-pantalla-2025-10-30-a-las-18.15.04-1024x359.png\",\"contentUrl\":\"https:\\\/\\\/elsapianomusic.com\\\/wp-content\\\/uploads\\\/2026\\\/05\\\/Captura-de-pantalla-2025-10-30-a-las-18.15.04-1024x359.png\"},{\"@type\":\"BreadcrumbList\",\"@id\":\"https:\\\/\\\/elsapianomusic.com\\\/entrevistas-en-radio\\\/#breadcrumb\",\"itemListElement\":[{\"@type\":\"ListItem\",\"position\":1,\"name\":\"Portada\",\"item\":\"https:\\\/\\\/elsapianomusic.com\\\/\"},{\"@type\":\"ListItem\",\"position\":2,\"name\":\"Radio\"}]},{\"@type\":\"WebSite\",\"@id\":\"https:\\\/\\\/elsapianomusic.com\\\/#website\",\"url\":\"https:\\\/\\\/elsapianomusic.com\\\/\",\"name\":\"Elsa Mu\u00f1iz\",\"description\":\"Pianista, profesora y compositora\",\"publisher\":{\"@id\":\"https:\\\/\\\/elsapianomusic.com\\\/#organization\"},\"potentialAction\":[{\"@type\":\"SearchAction\",\"target\":{\"@type\":\"EntryPoint\",\"urlTemplate\":\"https:\\\/\\\/elsapianomusic.com\\\/?s={search_term_string}\"},\"query-input\":{\"@type\":\"PropertyValueSpecification\",\"valueRequired\":true,\"valueName\":\"search_term_string\"}}],\"inLanguage\":\"en-US\"},{\"@type\":\"Organization\",\"@id\":\"https:\\\/\\\/elsapianomusic.com\\\/#organization\",\"name\":\"Elsa Mu\u00f1iz\",\"url\":\"https:\\\/\\\/elsapianomusic.com\\\/\",\"logo\":{\"@type\":\"ImageObject\",\"inLanguage\":\"en-US\",\"@id\":\"https:\\\/\\\/elsapianomusic.com\\\/#\\\/schema\\\/logo\\\/image\\\/\",\"url\":\"https:\\\/\\\/elsapianomusic.com\\\/wp-content\\\/uploads\\\/2020\\\/11\\\/cropped-Logo-Elsa-Mun\u0303iz-completo.jpg\",\"contentUrl\":\"https:\\\/\\\/elsapianomusic.com\\\/wp-content\\\/uploads\\\/2020\\\/11\\\/cropped-Logo-Elsa-Mun\u0303iz-completo.jpg\",\"width\":2097,\"height\":700,\"caption\":\"Elsa Mu\u00f1iz\"},\"image\":{\"@id\":\"https:\\\/\\\/elsapianomusic.com\\\/#\\\/schema\\\/logo\\\/image\\\/\"}}]}<\/script>\n<!-- \/ Yoast SEO plugin. -->","yoast_head_json":{"title":"Radio - Elsa Mu\u00f1iz","robots":{"index":"index","follow":"follow","max-snippet":"max-snippet:-1","max-image-preview":"max-image-preview:large","max-video-preview":"max-video-preview:-1"},"canonical":"https:\/\/elsapianomusic.com\/en_us\/entrevistas-en-radio\/","og_locale":"en_US","og_type":"article","og_title":"Radio - Elsa Mu\u00f1iz","og_description":"Entrevista en Radio Cl\u00e1sica Sinfon\u00eda de la Ma\u00f1ana Entrevista en RNE El Ojo Cr\u00edtico Entrevista en RNE Espa\u00f1oles en la Mar","og_url":"https:\/\/elsapianomusic.com\/en_us\/entrevistas-en-radio\/","og_site_name":"Elsa Mu\u00f1iz","article_modified_time":"2026-05-13T10:33:52+00:00","og_image":[{"url":"https:\/\/elsapianomusic.com\/wp-content\/uploads\/2026\/05\/Captura-de-pantalla-2025-10-30-a-las-18.15.04-1024x359.png","type":"","width":"","height":""}],"twitter_card":"summary_large_image","twitter_misc":{"Est. reading time":"2 minutes"},"schema":{"@context":"https:\/\/schema.org","@graph":[{"@type":"WebPage","@id":"https:\/\/elsapianomusic.com\/entrevistas-en-radio\/","url":"https:\/\/elsapianomusic.com\/entrevistas-en-radio\/","name":"Radio - Elsa Mu\u00f1iz","isPartOf":{"@id":"https:\/\/elsapianomusic.com\/#website"},"primaryImageOfPage":{"@id":"https:\/\/elsapianomusic.com\/entrevistas-en-radio\/#primaryimage"},"image":{"@id":"https:\/\/elsapianomusic.com\/entrevistas-en-radio\/#primaryimage"},"thumbnailUrl":"https:\/\/elsapianomusic.com\/wp-content\/uploads\/2026\/05\/Captura-de-pantalla-2025-10-30-a-las-18.15.04-1024x359.png","datePublished":"2026-05-13T10:00:14+00:00","dateModified":"2026-05-13T10:33:52+00:00","breadcrumb":{"@id":"https:\/\/elsapianomusic.com\/entrevistas-en-radio\/#breadcrumb"},"inLanguage":"en-US","potentialAction":[{"@type":"ReadAction","target":["https:\/\/elsapianomusic.com\/entrevistas-en-radio\/"]}]},{"@type":"ImageObject","inLanguage":"en-US","@id":"https:\/\/elsapianomusic.com\/entrevistas-en-radio\/#primaryimage","url":"https:\/\/elsapianomusic.com\/wp-content\/uploads\/2026\/05\/Captura-de-pantalla-2025-10-30-a-las-18.15.04-1024x359.png","contentUrl":"https:\/\/elsapianomusic.com\/wp-content\/uploads\/2026\/05\/Captura-de-pantalla-2025-10-30-a-las-18.15.04-1024x359.png"},{"@type":"BreadcrumbList","@id":"https:\/\/elsapianomusic.com\/entrevistas-en-radio\/#breadcrumb","itemListElement":[{"@type":"ListItem","position":1,"name":"Portada","item":"https:\/\/elsapianomusic.com\/"},{"@type":"ListItem","position":2,"name":"Radio"}]},{"@type":"WebSite","@id":"https:\/\/elsapianomusic.com\/#website","url":"https:\/\/elsapianomusic.com\/","name":"Elsa Mu\u00f1iz","description":"Pianista, profesora y compositora","publisher":{"@id":"https:\/\/elsapianomusic.com\/#organization"},"potentialAction":[{"@type":"SearchAction","target":{"@type":"EntryPoint","urlTemplate":"https:\/\/elsapianomusic.com\/?s={search_term_string}"},"query-input":{"@type":"PropertyValueSpecification","valueRequired":true,"valueName":"search_term_string"}}],"inLanguage":"en-US"},{"@type":"Organization","@id":"https:\/\/elsapianomusic.com\/#organization","name":"Elsa Mu\u00f1iz","url":"https:\/\/elsapianomusic.com\/","logo":{"@type":"ImageObject","inLanguage":"en-US","@id":"https:\/\/elsapianomusic.com\/#\/schema\/logo\/image\/","url":"https:\/\/elsapianomusic.com\/wp-content\/uploads\/2020\/11\/cropped-Logo-Elsa-Mun\u0303iz-completo.jpg","contentUrl":"https:\/\/elsapianomusic.com\/wp-content\/uploads\/2020\/11\/cropped-Logo-Elsa-Mun\u0303iz-completo.jpg","width":2097,"height":700,"caption":"Elsa Mu\u00f1iz"},"image":{"@id":"https:\/\/elsapianomusic.com\/#\/schema\/logo\/image\/"}}]}},"_links":{"self":[{"href":"https:\/\/elsapianomusic.com\/en_us\/wp-json\/wp\/v2\/pages\/1453","targetHints":{"allow":["GET"]}}],"collection":[{"href":"https:\/\/elsapianomusic.com\/en_us\/wp-json\/wp\/v2\/pages"}],"about":[{"href":"https:\/\/elsapianomusic.com\/en_us\/wp-json\/wp\/v2\/types\/page"}],"author":[{"embeddable":true,"href":"https:\/\/elsapianomusic.com\/en_us\/wp-json\/wp\/v2\/users\/1"}],"replies":[{"embeddable":true,"href":"https:\/\/elsapianomusic.com\/en_us\/wp-json\/wp\/v2\/comments?post=1453"}],"version-history":[{"count":23,"href":"https:\/\/elsapianomusic.com\/en_us\/wp-json\/wp\/v2\/pages\/1453\/revisions"}],"predecessor-version":[{"id":1495,"href":"https:\/\/elsapianomusic.com\/en_us\/wp-json\/wp\/v2\/pages\/1453\/revisions\/1495"}],"wp:attachment":[{"href":"https:\/\/elsapianomusic.com\/en_us\/wp-json\/wp\/v2\/media?parent=1453"}],"curies":[{"name":"wp","href":"https:\/\/api.w.org\/{rel}","templated":true}]}}