{"id":249,"date":"2020-11-04T08:54:47","date_gmt":"2020-11-04T08:54:47","guid":{"rendered":"http:\/\/elsapianomusic.com\/?page_id=249"},"modified":"2025-09-24T14:17:16","modified_gmt":"2025-09-24T12:17:16","slug":"presentacion","status":"publish","type":"page","link":"https:\/\/elsapianomusic.com\/en_us\/presentacion\/","title":{"rendered":"Biography"},"content":{"rendered":"<div data-elementor-type=\"wp-page\" data-elementor-id=\"249\" class=\"elementor elementor-249\" data-elementor-settings=\"[]\">\n\t\t\t\t\t\t<div class=\"elementor-inner\">\n\t\t\t\t\t\t\t<div class=\"elementor-section-wrap\">\n\t\t\t\t\t\t\t<section class=\"elementor-section elementor-top-section elementor-element elementor-element-4b0fa926 elementor-section-content-middle elementor-section-full_width elementor-section-height-default elementor-section-height-default\" data-id=\"4b0fa926\" data-element_type=\"section\" data-settings=\"{&quot;background_background&quot;:&quot;classic&quot;}\">\n\t\t\t\t\t\t<div class=\"elementor-container elementor-column-gap-no\">\n\t\t\t\t\t\t\t<div class=\"elementor-row\">\n\t\t\t\t\t<div class=\"elementor-column elementor-col-50 elementor-top-column elementor-element elementor-element-5f9618a3\" data-id=\"5f9618a3\" data-element_type=\"column\">\n\t\t\t<div class=\"elementor-column-wrap elementor-element-populated\">\n\t\t\t\t\t\t\t<div class=\"elementor-widget-wrap\">\n\t\t\t\t\t\t<div class=\"elementor-element elementor-element-b0e4c15 elementor-widget elementor-widget-image\" data-id=\"b0e4c15\" data-element_type=\"widget\" data-widget_type=\"image.default\">\n\t\t\t\t<div class=\"elementor-widget-container\">\n\t\t\t\t\t<div class=\"elementor-image\">\n\t\t\t\t\t\t\t\t\t\t<img width=\"768\" height=\"1024\" src=\"https:\/\/elsapianomusic.com\/wp-content\/uploads\/2025\/09\/ElsaMun\u0303iz_retrato_DSCF5108cXaimeCortizo-1-768x1024.jpg\" class=\"attachment-large size-large\" alt=\"\" loading=\"lazy\" srcset=\"https:\/\/elsapianomusic.com\/wp-content\/uploads\/2025\/09\/ElsaMun\u0303iz_retrato_DSCF5108cXaimeCortizo-1-768x1024.jpg 768w, https:\/\/elsapianomusic.com\/wp-content\/uploads\/2025\/09\/ElsaMun\u0303iz_retrato_DSCF5108cXaimeCortizo-1-225x300.jpg 225w, https:\/\/elsapianomusic.com\/wp-content\/uploads\/2025\/09\/ElsaMun\u0303iz_retrato_DSCF5108cXaimeCortizo-1-1152x1536.jpg 1152w, https:\/\/elsapianomusic.com\/wp-content\/uploads\/2025\/09\/ElsaMun\u0303iz_retrato_DSCF5108cXaimeCortizo-1-1536x2048.jpg 1536w, https:\/\/elsapianomusic.com\/wp-content\/uploads\/2025\/09\/ElsaMun\u0303iz_retrato_DSCF5108cXaimeCortizo-1-9x12.jpg 9w, https:\/\/elsapianomusic.com\/wp-content\/uploads\/2025\/09\/ElsaMun\u0303iz_retrato_DSCF5108cXaimeCortizo-1-600x800.jpg 600w, https:\/\/elsapianomusic.com\/wp-content\/uploads\/2025\/09\/ElsaMun\u0303iz_retrato_DSCF5108cXaimeCortizo-1-scaled.jpg 1920w\" sizes=\"(max-width: 768px) 100vw, 768px\" \/>\t\t\t\t\t\t\t\t\t\t\t<\/div>\n\t\t\t\t<\/div>\n\t\t\t\t<\/div>\n\t\t\t\t<div class=\"elementor-element elementor-element-ed12e8e elementor-widget elementor-widget-image\" data-id=\"ed12e8e\" data-element_type=\"widget\" data-widget_type=\"image.default\">\n\t\t\t\t<div class=\"elementor-widget-container\">\n\t\t\t\t\t<div class=\"elementor-image\">\n\t\t\t\t\t\t\t\t\t\t<img width=\"768\" height=\"1024\" src=\"https:\/\/elsapianomusic.com\/wp-content\/uploads\/2025\/09\/ElsaMun\u0303iz_retrato_DSCF5042cXaimeCortizo-1-768x1024.jpg\" class=\"attachment-large size-large\" alt=\"\" loading=\"lazy\" srcset=\"https:\/\/elsapianomusic.com\/wp-content\/uploads\/2025\/09\/ElsaMun\u0303iz_retrato_DSCF5042cXaimeCortizo-1-768x1024.jpg 768w, https:\/\/elsapianomusic.com\/wp-content\/uploads\/2025\/09\/ElsaMun\u0303iz_retrato_DSCF5042cXaimeCortizo-1-225x300.jpg 225w, https:\/\/elsapianomusic.com\/wp-content\/uploads\/2025\/09\/ElsaMun\u0303iz_retrato_DSCF5042cXaimeCortizo-1-1152x1536.jpg 1152w, https:\/\/elsapianomusic.com\/wp-content\/uploads\/2025\/09\/ElsaMun\u0303iz_retrato_DSCF5042cXaimeCortizo-1-1536x2048.jpg 1536w, https:\/\/elsapianomusic.com\/wp-content\/uploads\/2025\/09\/ElsaMun\u0303iz_retrato_DSCF5042cXaimeCortizo-1-9x12.jpg 9w, https:\/\/elsapianomusic.com\/wp-content\/uploads\/2025\/09\/ElsaMun\u0303iz_retrato_DSCF5042cXaimeCortizo-1-600x800.jpg 600w, https:\/\/elsapianomusic.com\/wp-content\/uploads\/2025\/09\/ElsaMun\u0303iz_retrato_DSCF5042cXaimeCortizo-1-scaled.jpg 1920w\" sizes=\"(max-width: 768px) 100vw, 768px\" \/>\t\t\t\t\t\t\t\t\t\t\t<\/div>\n\t\t\t\t<\/div>\n\t\t\t\t<\/div>\n\t\t\t\t<div class=\"elementor-element elementor-element-392fb53 elementor-widget elementor-widget-image\" data-id=\"392fb53\" data-element_type=\"widget\" data-widget_type=\"image.default\">\n\t\t\t\t<div class=\"elementor-widget-container\">\n\t\t\t\t\t<div class=\"elementor-image\">\n\t\t\t\t\t\t\t\t\t\t<img width=\"768\" height=\"1024\" src=\"https:\/\/elsapianomusic.com\/wp-content\/uploads\/2025\/09\/ElsaMun\u0303iz_retrato_DSCF5015cXaimeCortizo-1-768x1024.jpg\" class=\"attachment-large size-large\" alt=\"\" loading=\"lazy\" srcset=\"https:\/\/elsapianomusic.com\/wp-content\/uploads\/2025\/09\/ElsaMun\u0303iz_retrato_DSCF5015cXaimeCortizo-1-768x1024.jpg 768w, https:\/\/elsapianomusic.com\/wp-content\/uploads\/2025\/09\/ElsaMun\u0303iz_retrato_DSCF5015cXaimeCortizo-1-225x300.jpg 225w, https:\/\/elsapianomusic.com\/wp-content\/uploads\/2025\/09\/ElsaMun\u0303iz_retrato_DSCF5015cXaimeCortizo-1-1152x1536.jpg 1152w, https:\/\/elsapianomusic.com\/wp-content\/uploads\/2025\/09\/ElsaMun\u0303iz_retrato_DSCF5015cXaimeCortizo-1-1536x2048.jpg 1536w, https:\/\/elsapianomusic.com\/wp-content\/uploads\/2025\/09\/ElsaMun\u0303iz_retrato_DSCF5015cXaimeCortizo-1-9x12.jpg 9w, https:\/\/elsapianomusic.com\/wp-content\/uploads\/2025\/09\/ElsaMun\u0303iz_retrato_DSCF5015cXaimeCortizo-1-600x800.jpg 600w, https:\/\/elsapianomusic.com\/wp-content\/uploads\/2025\/09\/ElsaMun\u0303iz_retrato_DSCF5015cXaimeCortizo-1-scaled.jpg 1920w\" sizes=\"(max-width: 768px) 100vw, 768px\" \/>\t\t\t\t\t\t\t\t\t\t\t<\/div>\n\t\t\t\t<\/div>\n\t\t\t\t<\/div>\n\t\t\t\t<div class=\"elementor-element elementor-element-a670b58 elementor-widget elementor-widget-image\" data-id=\"a670b58\" data-element_type=\"widget\" data-widget_type=\"image.default\">\n\t\t\t\t<div class=\"elementor-widget-container\">\n\t\t\t\t\t<div class=\"elementor-image\">\n\t\t\t\t\t\t\t\t\t\t<img src=\"https:\/\/elsapianomusic.com\/wp-content\/uploads\/2025\/09\/ElsaMun\u0303iz_retrato_DSCF5591cXaimeCortizo-1-scaled.jpg\" title=\"ElsaMun\u0303iz_retrato_DSCF5591(c)XaimeCortizo\" alt=\"ElsaMun\u0303iz_retrato_DSCF5591(c)XaimeCortizo\" \/>\t\t\t\t\t\t\t\t\t\t\t<\/div>\n\t\t\t\t<\/div>\n\t\t\t\t<\/div>\n\t\t\t\t\t\t<\/div>\n\t\t\t\t\t<\/div>\n\t\t<\/div>\n\t\t\t\t<div class=\"elementor-column elementor-col-50 elementor-top-column elementor-element elementor-element-3e0759b6\" data-id=\"3e0759b6\" data-element_type=\"column\" data-settings=\"{&quot;background_background&quot;:&quot;gradient&quot;}\">\n\t\t\t<div class=\"elementor-column-wrap elementor-element-populated\">\n\t\t\t\t\t\t\t<div class=\"elementor-widget-wrap\">\n\t\t\t\t\t\t<div class=\"elementor-element elementor-element-10ea8a4 elementor-widget__width-initial elementor-widget elementor-widget-heading\" data-id=\"10ea8a4\" data-element_type=\"widget\" data-widget_type=\"heading.default\">\n\t\t\t\t<div class=\"elementor-widget-container\">\n\t\t\t<h2 class=\"elementor-heading-title elementor-size-default\">Elsa Mu\u00f1iz Hermo<\/h2>\t\t<\/div>\n\t\t\t\t<\/div>\n\t\t\t\t<div class=\"elementor-element elementor-element-eeb062a elementor-widget__width-initial elementor-widget elementor-widget-heading\" data-id=\"eeb062a\" data-element_type=\"widget\" data-widget_type=\"heading.default\">\n\t\t\t\t<div class=\"elementor-widget-container\">\n\t\t\t<h2 class=\"elementor-heading-title elementor-size-default\">Pianista, profesora, Compositora y escritora<\/h2>\t\t<\/div>\n\t\t\t\t<\/div>\n\t\t\t\t<div class=\"elementor-element elementor-element-7ba58f2 elementor-widget elementor-widget-text-editor\" data-id=\"7ba58f2\" data-element_type=\"widget\" data-widget_type=\"text-editor.default\">\n\t\t\t\t<div class=\"elementor-widget-container\">\n\t\t\t\t\t<div class=\"elementor-text-editor elementor-clearfix\"><p><span style=\"color: #000000; font-family: 'Times New Roman', serif; font-size: 16px; font-style: normal; font-weight: 400;\">En un tiempo donde las emociones se consumen deprisa, <\/span><span style=\"color: #000000; font-family: 'Times New Roman', serif; font-size: 16px; font-style: normal;\">Elsa Mu\u00f1iz propone algo radical<\/span><span style=\"color: #000000; font-family: 'Times New Roman', serif; font-size: 16px; font-style: normal;\">:<\/span> <span style=\"color: #000000; font-family: 'Times New Roman', serif; font-size: 16px; font-style: normal;\"><b>parar, escuchar y sentir.<\/b><\/span><span style=\"color: #000000; font-family: 'Times New Roman', serif; font-size: 16px; font-style: normal; font-weight: 400;\"> Pianista, compositora y creadora del concepto\u00a0<\/span><em style=\"font-size: 16px; color: #000000; font-family: 'Times New Roman', serif;\"><b>pianotelling<\/b><\/em><span style=\"color: #000000; font-family: 'Times New Roman', serif; font-size: 16px; font-style: normal; font-weight: 400;\">, esta artista gallega ha conseguido algo inusual en la escena musical contempor\u00e1nea: <\/span><span style=\"color: #000000; font-family: 'Times New Roman', serif; font-size: 16px; font-style: normal;\"><b>c<\/b><\/span><span style=\"color: #000000; font-family: 'Times New Roman', serif; font-size: 16px; font-style: normal;\"><b>onvertir el piano en una forma de narraci\u00f3n emocional capaz de llegar tanto al mel\u00f3mano como al oyente casual.<\/b><\/span><\/p><p style=\"margin-right: 0cm; margin-left: 0cm; font-size: 12pt; font-family: 'Times New Roman', serif; color: #000000; font-style: normal;\"><span style=\"font-weight: 400;\">Nacida en Boiro (A Coru\u00f1a), Elsa ha trazado una trayectoria que une la excelencia acad\u00e9mica con una propuesta art\u00edstica profundamente personal. Estudi\u00f3 en el Conservatorio Superior de M\u00fasica de <\/span><b>Vigo<\/b><span style=\"font-weight: 400;\"> y ampli\u00f3 su formaci\u00f3n en la <\/span><b>Universidad de M\u00fasica Fryderyk Chopin de Varsovia<\/b>, una de las m\u00e1s prestigiosas de Europa. Al mismo tiempo se form\u00f3 como docente en la <b>Universidad de Santiago de Compostela<\/b>, uniendo m\u00fasica y pedagog\u00eda como pilares de su trabajo.<\/p><p style=\"margin-right: 0cm; margin-left: 0cm; font-size: 12pt; font-family: 'Times New Roman', serif; color: #000000; font-style: normal;\">Fue en 2018 cuando su carrera dio un giro inesperado con <em><b>Memories<\/b><\/em>, su primer \u00e1lbum de <b>composiciones originales<\/b>: siete piezas para piano inspiradas en microrrelatos autobiogr\u00e1ficos que lograron una conexi\u00f3n sorprendente con el p\u00fablico. El \u00e1lbum, con m\u00e1s de <b>4 millones de reproducciones en Spotify<\/b>, ha viajado mucho m\u00e1s all\u00e1 del circuito cl\u00e1sico, gan\u00e1ndose un espacio entre quienes buscan emoci\u00f3n sin artificios. De este trabajo naci\u00f3 tambi\u00e9n un libro de partituras ilustradas, con caligramas y textos narrativos, editado en gallego y distribuido gratuitamente en centros de ense\u00f1anza musical con apoyo institucional, en un gesto de compromiso con la cultura local, la lengua gallega y la democratizaci\u00f3n del acceso a la m\u00fasica.<\/p><p style=\"margin-right: 0cm; margin-left: 0cm; font-size: 12pt; font-family: 'Times New Roman', serif; color: #000000; font-style: normal;\">Su proyecto <b><em>Presentimiento<\/em> (2024)<\/b><span style=\"font-weight: 400;\">, una pieza <\/span><b>audiovisual<\/b><span style=\"font-weight: 400;\"> grabada sobre una batea en la R\u00eda de Arousa en homenaje a su padre y a los trabajadores del mar, reforz\u00f3 ese v\u00ednculo entre m\u00fasica, territorio y memoria. Realizado en colaboraci\u00f3n con <\/span><b>Alimentos de Espa\u00f1a y el Ministerio de Agricultura, Pesca y<\/b><span style=\"font-weight: 400;\"> Alimentaci\u00f3n, tuvo un fuerte impacto en medios y redes, consolidando su perfil como artista comprometida con sus ra\u00edces.<\/span><\/p><p style=\"margin-right: 0cm; margin-left: 0cm; font-size: 12pt; font-family: 'Times New Roman', serif; color: #000000; font-style: normal;\">En 2025, Elsa abre una nueva etapa con <em><b>New Beginnings<\/b><\/em>, un libro-disco compuesto por nueve piezas de piano que dialogan con nueve microrrelatos y nueve caligramas. Publicado el 27 de junio de 2025, este trabajo es un viaje sobre el renacer, la toma de decisiones valientes y la b\u00fasqueda de autenticidad. A lo largo de sus temas aborda cuestiones universales como la salud mental, la p\u00e9rdida, la esperanza o la gratitud, culminando en un mensaje luminoso y vital.<\/p><p style=\"margin-right: 0cm; margin-left: 0cm; font-size: 12pt; font-family: 'Times New Roman', serif; color: #000000; font-style: normal;\"><span style=\"font-weight: 400;\">El lanzamiento de <em>New Beginnings<\/em> vino acompa\u00f1ado de un <\/span><b>videoclip<\/b> rodado en una playa de su pueblo natal, donde la artista interpreta al piano la pieza hom\u00f3nima frente al mar. La imagen del piano de cola en un paisaje gallego sereno y poderoso refleja su esencia: elegancia, intimidad y una profunda conexi\u00f3n con la tierra.<\/p><p style=\"margin-right: 0cm; margin-left: 0cm; font-size: 12pt; font-family: 'Times New Roman', serif; color: #000000; font-style: normal;\">Lo que propone Elsa Mu\u00f1iz no es solo m\u00fasica: es una forma de contar la vida sin palabras, o mejor dicho, con las que solo el piano conoce. El <em><b>pianotelling<\/b><\/em> no es un g\u00e9nero, sino una experiencia sensorial y emocional que integra m\u00fasica, narrativa y artes visuales. Un espacio donde escuchar, leer, mirar e imaginar se convierten en un mismo acto creativo.<\/p><p style=\"margin-right: 0cm; margin-left: 0cm; font-size: 12pt; font-family: 'Times New Roman', serif; color: #000000;\"><span style=\"font-style: normal;\">Con <\/span><i>New Beginnings<\/i>, Elsa Mu\u00f1iz consolida una <b style=\"font-style: normal;\">identidad art\u00edstica <\/b>dentro de la m\u00fasica instrumental contempor\u00e1nea, ofreciendo una propuesta honesta, accesible y profundamente humana. Su voz\u00a0<span style=\"font-style: normal; font-family: Calibri, sans-serif; font-size: 16px; font-weight: 400; text-align: start;\">\u2014<\/span><span style=\"font-style: normal; font-size: 12pt;\">silenciosa, sonora, sincera<\/span><span style=\"font-style: normal; font-family: Calibri, sans-serif; font-size: 16px; font-weight: 400; text-align: start;\">\u2014<\/span><span style=\"font-style: normal; font-size: 12pt;\">\u00a0es ya una de las m\u00e1s singulares y prometedora del panorama musical actual.\u00a0<\/span><\/p><p style=\"margin-right: 0cm; margin-left: 0cm; font-size: 12pt; font-family: 'Times New Roman', serif; color: #000000; font-style: normal; font-weight: 400;\">\u00a0<\/p><\/div>\n\t\t\t\t<\/div>\n\t\t\t\t<\/div>\n\t\t\t\t<div class=\"elementor-element elementor-element-6f7530fc elementor-widget elementor-widget-image\" data-id=\"6f7530fc\" data-element_type=\"widget\" data-widget_type=\"image.default\">\n\t\t\t\t<div class=\"elementor-widget-container\">\n\t\t\t\t\t<div class=\"elementor-image\">\n\t\t\t\t\t\t\t\t\t\t<img width=\"1536\" height=\"1024\" src=\"https:\/\/elsapianomusic.com\/wp-content\/uploads\/2020\/11\/IMG_7070-1536x1024.jpg\" class=\"attachment-1536x1536 size-1536x1536\" alt=\"\" loading=\"lazy\" srcset=\"https:\/\/elsapianomusic.com\/wp-content\/uploads\/2020\/11\/IMG_7070-1536x1024.jpg 1536w, https:\/\/elsapianomusic.com\/wp-content\/uploads\/2020\/11\/IMG_7070-scaled-600x400.jpg 600w, https:\/\/elsapianomusic.com\/wp-content\/uploads\/2020\/11\/IMG_7070-300x200.jpg 300w, https:\/\/elsapianomusic.com\/wp-content\/uploads\/2020\/11\/IMG_7070-1024x683.jpg 1024w, https:\/\/elsapianomusic.com\/wp-content\/uploads\/2020\/11\/IMG_7070-768x512.jpg 768w, https:\/\/elsapianomusic.com\/wp-content\/uploads\/2020\/11\/IMG_7070-2048x1365.jpg 2048w\" sizes=\"(max-width: 1536px) 100vw, 1536px\" \/>\t\t\t\t\t\t\t\t\t\t\t<\/div>\n\t\t\t\t<\/div>\n\t\t\t\t<\/div>\n\t\t\t\t\t\t<\/div>\n\t\t\t\t\t<\/div>\n\t\t<\/div>\n\t\t\t\t\t\t\t\t<\/div>\n\t\t\t\t\t<\/div>\n\t\t<\/section>\n\t\t\t\t\t\t<\/div>\n\t\t\t\t\t\t<\/div>\n\t\t\t\t\t<\/div>","protected":false},"excerpt":{"rendered":"<p>Elsa Mu\u00f1iz Hermo Pianista, profesora, Compositora y escritora En un tiempo donde las emociones se consumen deprisa, Elsa Mu\u00f1iz propone algo radical: parar, escuchar y sentir. Pianista, compositora y creadora del concepto\u00a0pianotelling, esta artista gallega ha conseguido algo inusual en la escena musical contempor\u00e1nea: convertir el piano en una forma de narraci\u00f3n emocional capaz de &hellip;<\/p>\n<p class=\"read-more\"> <a class=\"\" href=\"https:\/\/elsapianomusic.com\/en_us\/presentacion\/\"> <span class=\"screen-reader-text\">Biography<\/span> Read More &raquo;<\/a><\/p>","protected":false},"author":1,"featured_media":0,"parent":0,"menu_order":0,"comment_status":"closed","ping_status":"closed","template":"","meta":{"site-sidebar-layout":"no-sidebar","site-content-layout":"page-builder","ast-main-header-display":"","ast-hfb-above-header-display":"","ast-hfb-below-header-display":"","ast-hfb-mobile-header-display":"","site-post-title":"disabled","ast-breadcrumbs-content":"","ast-featured-img":"disabled","footer-sml-layout":"","theme-transparent-header-meta":"default","adv-header-id-meta":"","stick-header-meta":"","header-above-stick-meta":"","header-main-stick-meta":"","header-below-stick-meta":""},"yoast_head":"<!-- This site is optimized with the Yoast SEO plugin v17.9 - https:\/\/yoast.com\/wordpress\/plugins\/seo\/ -->\n<title>Presentaci\u00f3n - Elsa Mu\u00f1iz<\/title>\n<meta name=\"robots\" content=\"index, follow, max-snippet:-1, max-image-preview:large, max-video-preview:-1\" \/>\n<link rel=\"canonical\" href=\"https:\/\/elsapianomusic.com\/en_us\/presentacion\/\" \/>\n<meta property=\"og:locale\" content=\"en_US\" \/>\n<meta property=\"og:type\" content=\"article\" \/>\n<meta property=\"og:title\" content=\"Presentaci\u00f3n - Elsa Mu\u00f1iz\" \/>\n<meta property=\"og:description\" content=\"Elsa Mu\u00f1iz Hermo Pianista, profesora, Compositora y escritora En un tiempo donde las emociones se consumen deprisa, Elsa Mu\u00f1iz propone algo radical: parar, escuchar y sentir. Pianista, compositora y creadora del concepto\u00a0pianotelling, esta artista gallega ha conseguido algo inusual en la escena musical contempor\u00e1nea: convertir el piano en una forma de narraci\u00f3n emocional capaz de &hellip; Presentaci\u00f3n Read More &raquo;\" \/>\n<meta property=\"og:url\" content=\"https:\/\/elsapianomusic.com\/en_us\/presentacion\/\" \/>\n<meta property=\"og:site_name\" content=\"Elsa Mu\u00f1iz\" \/>\n<meta property=\"article:modified_time\" content=\"2025-09-24T12:17:16+00:00\" \/>\n<meta property=\"og:image\" content=\"https:\/\/elsapianomusic.com\/wp-content\/uploads\/2025\/09\/ElsaMun\u0303iz_retrato_DSCF5108cXaimeCortizo-1-768x1024.jpg\" \/>\n<meta name=\"twitter:card\" content=\"summary_large_image\" \/>\n<meta name=\"twitter:label1\" content=\"Est. reading time\" \/>\n\t<meta name=\"twitter:data1\" content=\"4 minutes\" \/>\n<script type=\"application\/ld+json\" class=\"yoast-schema-graph\">{\"@context\":\"https:\/\/schema.org\",\"@graph\":[{\"@type\":\"WebSite\",\"@id\":\"https:\/\/elsapianomusic.com\/#website\",\"url\":\"https:\/\/elsapianomusic.com\/\",\"name\":\"Elsa Mu\\u00f1iz\",\"description\":\"Pianista, profesora y compositora\",\"potentialAction\":[{\"@type\":\"SearchAction\",\"target\":{\"@type\":\"EntryPoint\",\"urlTemplate\":\"https:\/\/elsapianomusic.com\/?s={search_term_string}\"},\"query-input\":\"required name=search_term_string\"}],\"inLanguage\":\"en-US\"},{\"@type\":\"ImageObject\",\"@id\":\"https:\/\/elsapianomusic.com\/presentacion\/#primaryimage\",\"inLanguage\":\"en-US\",\"url\":\"https:\/\/elsapianomusic.com\/wp-content\/uploads\/2025\/09\/ElsaMun\\u0303iz_retrato_DSCF5108cXaimeCortizo-1-scaled.jpg\",\"contentUrl\":\"https:\/\/elsapianomusic.com\/wp-content\/uploads\/2025\/09\/ElsaMun\\u0303iz_retrato_DSCF5108cXaimeCortizo-1-scaled.jpg\",\"width\":1920,\"height\":2560},{\"@type\":\"WebPage\",\"@id\":\"https:\/\/elsapianomusic.com\/presentacion\/#webpage\",\"url\":\"https:\/\/elsapianomusic.com\/presentacion\/\",\"name\":\"Presentaci\\u00f3n - Elsa Mu\\u00f1iz\",\"isPartOf\":{\"@id\":\"https:\/\/elsapianomusic.com\/#website\"},\"primaryImageOfPage\":{\"@id\":\"https:\/\/elsapianomusic.com\/presentacion\/#primaryimage\"},\"datePublished\":\"2020-11-04T08:54:47+00:00\",\"dateModified\":\"2025-09-24T12:17:16+00:00\",\"breadcrumb\":{\"@id\":\"https:\/\/elsapianomusic.com\/presentacion\/#breadcrumb\"},\"inLanguage\":\"en-US\",\"potentialAction\":[{\"@type\":\"ReadAction\",\"target\":[\"https:\/\/elsapianomusic.com\/presentacion\/\"]}]},{\"@type\":\"BreadcrumbList\",\"@id\":\"https:\/\/elsapianomusic.com\/presentacion\/#breadcrumb\",\"itemListElement\":[{\"@type\":\"ListItem\",\"position\":1,\"name\":\"Portada\",\"item\":\"https:\/\/elsapianomusic.com\/\"},{\"@type\":\"ListItem\",\"position\":2,\"name\":\"Presentaci\\u00f3n\"}]}]}<\/script>\n<!-- \/ Yoast SEO plugin. -->","yoast_head_json":{"title":"Presentaci\u00f3n - Elsa Mu\u00f1iz","robots":{"index":"index","follow":"follow","max-snippet":"max-snippet:-1","max-image-preview":"max-image-preview:large","max-video-preview":"max-video-preview:-1"},"canonical":"https:\/\/elsapianomusic.com\/en_us\/presentacion\/","og_locale":"en_US","og_type":"article","og_title":"Presentaci\u00f3n - Elsa Mu\u00f1iz","og_description":"Elsa Mu\u00f1iz Hermo Pianista, profesora, Compositora y escritora En un tiempo donde las emociones se consumen deprisa, Elsa Mu\u00f1iz propone algo radical: parar, escuchar y sentir. Pianista, compositora y creadora del concepto\u00a0pianotelling, esta artista gallega ha conseguido algo inusual en la escena musical contempor\u00e1nea: convertir el piano en una forma de narraci\u00f3n emocional capaz de &hellip; Presentaci\u00f3n Read More &raquo;","og_url":"https:\/\/elsapianomusic.com\/en_us\/presentacion\/","og_site_name":"Elsa Mu\u00f1iz","article_modified_time":"2025-09-24T12:17:16+00:00","og_image":[{"url":"https:\/\/elsapianomusic.com\/wp-content\/uploads\/2025\/09\/ElsaMun\u0303iz_retrato_DSCF5108cXaimeCortizo-1-768x1024.jpg"}],"twitter_card":"summary_large_image","twitter_misc":{"Est. reading time":"4 minutes"},"schema":{"@context":"https:\/\/schema.org","@graph":[{"@type":"WebSite","@id":"https:\/\/elsapianomusic.com\/#website","url":"https:\/\/elsapianomusic.com\/","name":"Elsa Mu\u00f1iz","description":"Pianista, profesora y compositora","potentialAction":[{"@type":"SearchAction","target":{"@type":"EntryPoint","urlTemplate":"https:\/\/elsapianomusic.com\/?s={search_term_string}"},"query-input":"required name=search_term_string"}],"inLanguage":"en-US"},{"@type":"ImageObject","@id":"https:\/\/elsapianomusic.com\/presentacion\/#primaryimage","inLanguage":"en-US","url":"https:\/\/elsapianomusic.com\/wp-content\/uploads\/2025\/09\/ElsaMun\u0303iz_retrato_DSCF5108cXaimeCortizo-1-scaled.jpg","contentUrl":"https:\/\/elsapianomusic.com\/wp-content\/uploads\/2025\/09\/ElsaMun\u0303iz_retrato_DSCF5108cXaimeCortizo-1-scaled.jpg","width":1920,"height":2560},{"@type":"WebPage","@id":"https:\/\/elsapianomusic.com\/presentacion\/#webpage","url":"https:\/\/elsapianomusic.com\/presentacion\/","name":"Presentaci\u00f3n - Elsa Mu\u00f1iz","isPartOf":{"@id":"https:\/\/elsapianomusic.com\/#website"},"primaryImageOfPage":{"@id":"https:\/\/elsapianomusic.com\/presentacion\/#primaryimage"},"datePublished":"2020-11-04T08:54:47+00:00","dateModified":"2025-09-24T12:17:16+00:00","breadcrumb":{"@id":"https:\/\/elsapianomusic.com\/presentacion\/#breadcrumb"},"inLanguage":"en-US","potentialAction":[{"@type":"ReadAction","target":["https:\/\/elsapianomusic.com\/presentacion\/"]}]},{"@type":"BreadcrumbList","@id":"https:\/\/elsapianomusic.com\/presentacion\/#breadcrumb","itemListElement":[{"@type":"ListItem","position":1,"name":"Portada","item":"https:\/\/elsapianomusic.com\/"},{"@type":"ListItem","position":2,"name":"Presentaci\u00f3n"}]}]}},"_links":{"self":[{"href":"https:\/\/elsapianomusic.com\/en_us\/wp-json\/wp\/v2\/pages\/249"}],"collection":[{"href":"https:\/\/elsapianomusic.com\/en_us\/wp-json\/wp\/v2\/pages"}],"about":[{"href":"https:\/\/elsapianomusic.com\/en_us\/wp-json\/wp\/v2\/types\/page"}],"author":[{"embeddable":true,"href":"https:\/\/elsapianomusic.com\/en_us\/wp-json\/wp\/v2\/users\/1"}],"replies":[{"embeddable":true,"href":"https:\/\/elsapianomusic.com\/en_us\/wp-json\/wp\/v2\/comments?post=249"}],"version-history":[{"count":0,"href":"https:\/\/elsapianomusic.com\/en_us\/wp-json\/wp\/v2\/pages\/249\/revisions"}],"wp:attachment":[{"href":"https:\/\/elsapianomusic.com\/en_us\/wp-json\/wp\/v2\/media?parent=249"}],"curies":[{"name":"wp","href":"https:\/\/api.w.org\/{rel}","templated":true}]}}