{"id":374,"date":"2020-11-09T12:13:03","date_gmt":"2020-11-09T12:13:03","guid":{"rendered":"http:\/\/elsapianomusic.com\/?page_id=374"},"modified":"2020-11-23T08:36:38","modified_gmt":"2020-11-23T08:36:38","slug":"interpretaciones-de-musica-clasica","status":"publish","type":"page","link":"https:\/\/elsapianomusic.com\/en_us\/interpretaciones-de-musica-clasica\/","title":{"rendered":"Interpretaciones de m\u00fasica cl\u00e1sica"},"content":{"rendered":"<div data-elementor-type=\"wp-page\" data-elementor-id=\"374\" class=\"elementor elementor-374\" data-elementor-post-type=\"page\">\n\t\t\t\t\t\t<section class=\"elementor-section elementor-top-section elementor-element elementor-element-25ef1628 elementor-section-boxed elementor-section-height-default elementor-section-height-default\" data-id=\"25ef1628\" data-element_type=\"section\" data-e-type=\"section\" data-settings=\"{&quot;background_background&quot;:&quot;classic&quot;}\">\n\t\t\t\t\t\t<div class=\"elementor-container elementor-column-gap-default\">\n\t\t\t\t\t<div class=\"elementor-column elementor-col-100 elementor-top-column elementor-element elementor-element-63df785a\" data-id=\"63df785a\" data-element_type=\"column\" data-e-type=\"column\">\n\t\t\t<div class=\"elementor-widget-wrap elementor-element-populated\">\n\t\t\t\t\t\t<div class=\"elementor-element elementor-element-c1a7d4e elementor-widget elementor-widget-spacer\" data-id=\"c1a7d4e\" data-element_type=\"widget\" data-e-type=\"widget\" data-widget_type=\"spacer.default\">\n\t\t\t\t<div class=\"elementor-widget-container\">\n\t\t\t\t\t\t\t<div class=\"elementor-spacer\">\n\t\t\t<div class=\"elementor-spacer-inner\"><\/div>\n\t\t<\/div>\n\t\t\t\t\t\t<\/div>\n\t\t\t\t<\/div>\n\t\t\t\t<div class=\"elementor-element elementor-element-de66834 elementor-widget elementor-widget-heading\" data-id=\"de66834\" data-element_type=\"widget\" data-e-type=\"widget\" data-widget_type=\"heading.default\">\n\t\t\t\t<div class=\"elementor-widget-container\">\n\t\t\t\t\t<h2 class=\"elementor-heading-title elementor-size-default\">Schubert Impromptu n\u00ba3 op.90<\/h2>\t\t\t\t<\/div>\n\t\t\t\t<\/div>\n\t\t\t\t<div class=\"elementor-element elementor-element-0dc40b2 elementor-widget elementor-widget-video\" data-id=\"0dc40b2\" data-element_type=\"widget\" data-e-type=\"widget\" data-settings=\"{&quot;youtube_url&quot;:&quot;https:\\\/\\\/www.youtube.com\\\/watch?v=_FjMnPhBXc0&amp;ab_channel=ElsaMu%C3%B1iz&quot;,&quot;video_type&quot;:&quot;youtube&quot;,&quot;controls&quot;:&quot;yes&quot;}\" data-widget_type=\"video.default\">\n\t\t\t\t<div class=\"elementor-widget-container\">\n\t\t\t\t\t\t\t<div class=\"elementor-wrapper elementor-open-inline\">\n\t\t\t<div class=\"elementor-video\"><\/div>\t\t<\/div>\n\t\t\t\t\t\t<\/div>\n\t\t\t\t<\/div>\n\t\t\t\t<div class=\"elementor-element elementor-element-507cd7a elementor-widget elementor-widget-spacer\" data-id=\"507cd7a\" data-element_type=\"widget\" data-e-type=\"widget\" data-widget_type=\"spacer.default\">\n\t\t\t\t<div class=\"elementor-widget-container\">\n\t\t\t\t\t\t\t<div class=\"elementor-spacer\">\n\t\t\t<div class=\"elementor-spacer-inner\"><\/div>\n\t\t<\/div>\n\t\t\t\t\t\t<\/div>\n\t\t\t\t<\/div>\n\t\t\t\t<div class=\"elementor-element elementor-element-1ce2b4f elementor-widget elementor-widget-heading\" data-id=\"1ce2b4f\" data-element_type=\"widget\" data-e-type=\"widget\" data-widget_type=\"heading.default\">\n\t\t\t\t<div class=\"elementor-widget-container\">\n\t\t\t\t\t<h2 class=\"elementor-heading-title elementor-size-default\">Schubert Impromptu n\u00ba2 op.90<\/h2>\t\t\t\t<\/div>\n\t\t\t\t<\/div>\n\t\t\t\t<div class=\"elementor-element elementor-element-f54bae8 elementor-widget elementor-widget-video\" data-id=\"f54bae8\" data-element_type=\"widget\" data-e-type=\"widget\" data-settings=\"{&quot;youtube_url&quot;:&quot;https:\\\/\\\/www.youtube.com\\\/watch?v=U-GdghrvYFo&amp;ab_channel=ElsaMu%C3%B1iz&quot;,&quot;video_type&quot;:&quot;youtube&quot;,&quot;controls&quot;:&quot;yes&quot;}\" data-widget_type=\"video.default\">\n\t\t\t\t<div class=\"elementor-widget-container\">\n\t\t\t\t\t\t\t<div class=\"elementor-wrapper elementor-open-inline\">\n\t\t\t<div class=\"elementor-video\"><\/div>\t\t<\/div>\n\t\t\t\t\t\t<\/div>\n\t\t\t\t<\/div>\n\t\t\t\t<div class=\"elementor-element elementor-element-76698a8 elementor-widget elementor-widget-spacer\" data-id=\"76698a8\" data-element_type=\"widget\" data-e-type=\"widget\" data-widget_type=\"spacer.default\">\n\t\t\t\t<div class=\"elementor-widget-container\">\n\t\t\t\t\t\t\t<div class=\"elementor-spacer\">\n\t\t\t<div class=\"elementor-spacer-inner\"><\/div>\n\t\t<\/div>\n\t\t\t\t\t\t<\/div>\n\t\t\t\t<\/div>\n\t\t\t\t<div class=\"elementor-element elementor-element-39cf446 elementor-widget elementor-widget-heading\" data-id=\"39cf446\" data-element_type=\"widget\" data-e-type=\"widget\" data-widget_type=\"heading.default\">\n\t\t\t\t<div class=\"elementor-widget-container\">\n\t\t\t\t\t<h2 class=\"elementor-heading-title elementor-size-default\">Beethoven Sonata op.10 n\u00ba1<\/h2>\t\t\t\t<\/div>\n\t\t\t\t<\/div>\n\t\t\t\t<div class=\"elementor-element elementor-element-1c07e3e elementor-widget elementor-widget-video\" data-id=\"1c07e3e\" data-element_type=\"widget\" data-e-type=\"widget\" data-settings=\"{&quot;youtube_url&quot;:&quot;https:\\\/\\\/www.youtube.com\\\/watch?v=IB7leKhJiak&amp;ab_channel=ElsaMu%C3%B1iz&quot;,&quot;video_type&quot;:&quot;youtube&quot;,&quot;controls&quot;:&quot;yes&quot;}\" data-widget_type=\"video.default\">\n\t\t\t\t<div class=\"elementor-widget-container\">\n\t\t\t\t\t\t\t<div class=\"elementor-wrapper elementor-open-inline\">\n\t\t\t<div class=\"elementor-video\"><\/div>\t\t<\/div>\n\t\t\t\t\t\t<\/div>\n\t\t\t\t<\/div>\n\t\t\t\t<div class=\"elementor-element elementor-element-a860fb5 elementor-widget elementor-widget-spacer\" data-id=\"a860fb5\" data-element_type=\"widget\" data-e-type=\"widget\" data-widget_type=\"spacer.default\">\n\t\t\t\t<div class=\"elementor-widget-container\">\n\t\t\t\t\t\t\t<div class=\"elementor-spacer\">\n\t\t\t<div class=\"elementor-spacer-inner\"><\/div>\n\t\t<\/div>\n\t\t\t\t\t\t<\/div>\n\t\t\t\t<\/div>\n\t\t\t\t\t<\/div>\n\t\t<\/div>\n\t\t\t\t\t<\/div>\n\t\t<\/section>\n\t\t\t\t<\/div>","protected":false},"excerpt":{"rendered":"<p>Schubert Impromptu n\u00ba3 op.90 Schubert Impromptu n\u00ba2 op.90 Beethoven Sonata op.10 n\u00ba1<\/p>","protected":false},"author":1,"featured_media":0,"parent":0,"menu_order":0,"comment_status":"closed","ping_status":"closed","template":"","meta":{"site-sidebar-layout":"no-sidebar","site-content-layout":"page-builder","ast-site-content-layout":"default","site-content-style":"default","site-sidebar-style":"default","ast-global-header-display":"","ast-banner-title-visibility":"","ast-main-header-display":"","ast-hfb-above-header-display":"","ast-hfb-below-header-display":"","ast-hfb-mobile-header-display":"","site-post-title":"disabled","ast-breadcrumbs-content":"","ast-featured-img":"disabled","footer-sml-layout":"","ast-disable-related-posts":"","theme-transparent-header-meta":"default","adv-header-id-meta":"","stick-header-meta":"","header-above-stick-meta":"","header-main-stick-meta":"","header-below-stick-meta":"","astra-migrate-meta-layouts":"default","ast-page-background-enabled":"default","ast-page-background-meta":{"desktop":{"background-color":"","background-image":"","background-repeat":"repeat","background-position":"center center","background-size":"auto","background-attachment":"scroll","background-type":"","background-media":"","overlay-type":"","overlay-color":"","overlay-opacity":"","overlay-gradient":""},"tablet":{"background-color":"","background-image":"","background-repeat":"repeat","background-position":"center center","background-size":"auto","background-attachment":"scroll","background-type":"","background-media":"","overlay-type":"","overlay-color":"","overlay-opacity":"","overlay-gradient":""},"mobile":{"background-color":"","background-image":"","background-repeat":"repeat","background-position":"center center","background-size":"auto","background-attachment":"scroll","background-type":"","background-media":"","overlay-type":"","overlay-color":"","overlay-opacity":"","overlay-gradient":""}},"ast-content-background-meta":{"desktop":{"background-color":"var(--ast-global-color-5)","background-image":"","background-repeat":"repeat","background-position":"center center","background-size":"auto","background-attachment":"scroll","background-type":"","background-media":"","overlay-type":"","overlay-color":"","overlay-opacity":"","overlay-gradient":""},"tablet":{"background-color":"var(--ast-global-color-5)","background-image":"","background-repeat":"repeat","background-position":"center center","background-size":"auto","background-attachment":"scroll","background-type":"","background-media":"","overlay-type":"","overlay-color":"","overlay-opacity":"","overlay-gradient":""},"mobile":{"background-color":"var(--ast-global-color-5)","background-image":"","background-repeat":"repeat","background-position":"center center","background-size":"auto","background-attachment":"scroll","background-type":"","background-media":"","overlay-type":"","overlay-color":"","overlay-opacity":"","overlay-gradient":""}},"footnotes":""},"class_list":["post-374","page","type-page","status-publish","hentry"],"yoast_head":"<!-- This site is optimized with the Yoast SEO plugin v27.4 - https:\/\/yoast.com\/product\/yoast-seo-wordpress\/ -->\n<title>Interpretaciones de m\u00fasica cl\u00e1sica - Elsa Mu\u00f1iz<\/title>\n<meta name=\"robots\" content=\"index, follow, max-snippet:-1, max-image-preview:large, max-video-preview:-1\" \/>\n<link rel=\"canonical\" href=\"https:\/\/elsapianomusic.com\/en_us\/interpretaciones-de-musica-clasica\/\" \/>\n<meta property=\"og:locale\" content=\"en_US\" \/>\n<meta property=\"og:type\" content=\"article\" \/>\n<meta property=\"og:title\" content=\"Interpretaciones de m\u00fasica cl\u00e1sica - Elsa Mu\u00f1iz\" \/>\n<meta property=\"og:description\" content=\"Schubert Impromptu n\u00ba3 op.90 Schubert Impromptu n\u00ba2 op.90 Beethoven Sonata op.10 n\u00ba1\" \/>\n<meta property=\"og:url\" content=\"https:\/\/elsapianomusic.com\/en_us\/interpretaciones-de-musica-clasica\/\" \/>\n<meta property=\"og:site_name\" content=\"Elsa Mu\u00f1iz\" \/>\n<meta property=\"article:modified_time\" content=\"2020-11-23T08:36:38+00:00\" \/>\n<meta name=\"twitter:card\" content=\"summary_large_image\" \/>\n<script type=\"application\/ld+json\" class=\"yoast-schema-graph\">{\"@context\":\"https:\\\/\\\/schema.org\",\"@graph\":[{\"@type\":\"WebPage\",\"@id\":\"https:\\\/\\\/elsapianomusic.com\\\/interpretaciones-de-musica-clasica\\\/\",\"url\":\"https:\\\/\\\/elsapianomusic.com\\\/interpretaciones-de-musica-clasica\\\/\",\"name\":\"Interpretaciones de m\u00fasica cl\u00e1sica - Elsa Mu\u00f1iz\",\"isPartOf\":{\"@id\":\"https:\\\/\\\/elsapianomusic.com\\\/#website\"},\"datePublished\":\"2020-11-09T12:13:03+00:00\",\"dateModified\":\"2020-11-23T08:36:38+00:00\",\"breadcrumb\":{\"@id\":\"https:\\\/\\\/elsapianomusic.com\\\/interpretaciones-de-musica-clasica\\\/#breadcrumb\"},\"inLanguage\":\"en-US\",\"potentialAction\":[{\"@type\":\"ReadAction\",\"target\":[\"https:\\\/\\\/elsapianomusic.com\\\/interpretaciones-de-musica-clasica\\\/\"]}]},{\"@type\":\"BreadcrumbList\",\"@id\":\"https:\\\/\\\/elsapianomusic.com\\\/interpretaciones-de-musica-clasica\\\/#breadcrumb\",\"itemListElement\":[{\"@type\":\"ListItem\",\"position\":1,\"name\":\"Portada\",\"item\":\"https:\\\/\\\/elsapianomusic.com\\\/\"},{\"@type\":\"ListItem\",\"position\":2,\"name\":\"Interpretaciones de m\u00fasica cl\u00e1sica\"}]},{\"@type\":\"WebSite\",\"@id\":\"https:\\\/\\\/elsapianomusic.com\\\/#website\",\"url\":\"https:\\\/\\\/elsapianomusic.com\\\/\",\"name\":\"Elsa Mu\u00f1iz\",\"description\":\"Pianista, profesora y compositora\",\"publisher\":{\"@id\":\"https:\\\/\\\/elsapianomusic.com\\\/#organization\"},\"potentialAction\":[{\"@type\":\"SearchAction\",\"target\":{\"@type\":\"EntryPoint\",\"urlTemplate\":\"https:\\\/\\\/elsapianomusic.com\\\/?s={search_term_string}\"},\"query-input\":{\"@type\":\"PropertyValueSpecification\",\"valueRequired\":true,\"valueName\":\"search_term_string\"}}],\"inLanguage\":\"en-US\"},{\"@type\":\"Organization\",\"@id\":\"https:\\\/\\\/elsapianomusic.com\\\/#organization\",\"name\":\"Elsa Mu\u00f1iz\",\"url\":\"https:\\\/\\\/elsapianomusic.com\\\/\",\"logo\":{\"@type\":\"ImageObject\",\"inLanguage\":\"en-US\",\"@id\":\"https:\\\/\\\/elsapianomusic.com\\\/#\\\/schema\\\/logo\\\/image\\\/\",\"url\":\"https:\\\/\\\/elsapianomusic.com\\\/wp-content\\\/uploads\\\/2020\\\/11\\\/cropped-Logo-Elsa-Mun\u0303iz-completo.jpg\",\"contentUrl\":\"https:\\\/\\\/elsapianomusic.com\\\/wp-content\\\/uploads\\\/2020\\\/11\\\/cropped-Logo-Elsa-Mun\u0303iz-completo.jpg\",\"width\":2097,\"height\":700,\"caption\":\"Elsa Mu\u00f1iz\"},\"image\":{\"@id\":\"https:\\\/\\\/elsapianomusic.com\\\/#\\\/schema\\\/logo\\\/image\\\/\"}}]}<\/script>\n<!-- \/ Yoast SEO plugin. -->","yoast_head_json":{"title":"Interpretaciones de m\u00fasica cl\u00e1sica - Elsa Mu\u00f1iz","robots":{"index":"index","follow":"follow","max-snippet":"max-snippet:-1","max-image-preview":"max-image-preview:large","max-video-preview":"max-video-preview:-1"},"canonical":"https:\/\/elsapianomusic.com\/en_us\/interpretaciones-de-musica-clasica\/","og_locale":"en_US","og_type":"article","og_title":"Interpretaciones de m\u00fasica cl\u00e1sica - Elsa Mu\u00f1iz","og_description":"Schubert Impromptu n\u00ba3 op.90 Schubert Impromptu n\u00ba2 op.90 Beethoven Sonata op.10 n\u00ba1","og_url":"https:\/\/elsapianomusic.com\/en_us\/interpretaciones-de-musica-clasica\/","og_site_name":"Elsa Mu\u00f1iz","article_modified_time":"2020-11-23T08:36:38+00:00","twitter_card":"summary_large_image","schema":{"@context":"https:\/\/schema.org","@graph":[{"@type":"WebPage","@id":"https:\/\/elsapianomusic.com\/interpretaciones-de-musica-clasica\/","url":"https:\/\/elsapianomusic.com\/interpretaciones-de-musica-clasica\/","name":"Interpretaciones de m\u00fasica cl\u00e1sica - Elsa Mu\u00f1iz","isPartOf":{"@id":"https:\/\/elsapianomusic.com\/#website"},"datePublished":"2020-11-09T12:13:03+00:00","dateModified":"2020-11-23T08:36:38+00:00","breadcrumb":{"@id":"https:\/\/elsapianomusic.com\/interpretaciones-de-musica-clasica\/#breadcrumb"},"inLanguage":"en-US","potentialAction":[{"@type":"ReadAction","target":["https:\/\/elsapianomusic.com\/interpretaciones-de-musica-clasica\/"]}]},{"@type":"BreadcrumbList","@id":"https:\/\/elsapianomusic.com\/interpretaciones-de-musica-clasica\/#breadcrumb","itemListElement":[{"@type":"ListItem","position":1,"name":"Portada","item":"https:\/\/elsapianomusic.com\/"},{"@type":"ListItem","position":2,"name":"Interpretaciones de m\u00fasica cl\u00e1sica"}]},{"@type":"WebSite","@id":"https:\/\/elsapianomusic.com\/#website","url":"https:\/\/elsapianomusic.com\/","name":"Elsa Mu\u00f1iz","description":"Pianista, profesora y compositora","publisher":{"@id":"https:\/\/elsapianomusic.com\/#organization"},"potentialAction":[{"@type":"SearchAction","target":{"@type":"EntryPoint","urlTemplate":"https:\/\/elsapianomusic.com\/?s={search_term_string}"},"query-input":{"@type":"PropertyValueSpecification","valueRequired":true,"valueName":"search_term_string"}}],"inLanguage":"en-US"},{"@type":"Organization","@id":"https:\/\/elsapianomusic.com\/#organization","name":"Elsa Mu\u00f1iz","url":"https:\/\/elsapianomusic.com\/","logo":{"@type":"ImageObject","inLanguage":"en-US","@id":"https:\/\/elsapianomusic.com\/#\/schema\/logo\/image\/","url":"https:\/\/elsapianomusic.com\/wp-content\/uploads\/2020\/11\/cropped-Logo-Elsa-Mun\u0303iz-completo.jpg","contentUrl":"https:\/\/elsapianomusic.com\/wp-content\/uploads\/2020\/11\/cropped-Logo-Elsa-Mun\u0303iz-completo.jpg","width":2097,"height":700,"caption":"Elsa Mu\u00f1iz"},"image":{"@id":"https:\/\/elsapianomusic.com\/#\/schema\/logo\/image\/"}}]}},"_links":{"self":[{"href":"https:\/\/elsapianomusic.com\/en_us\/wp-json\/wp\/v2\/pages\/374","targetHints":{"allow":["GET"]}}],"collection":[{"href":"https:\/\/elsapianomusic.com\/en_us\/wp-json\/wp\/v2\/pages"}],"about":[{"href":"https:\/\/elsapianomusic.com\/en_us\/wp-json\/wp\/v2\/types\/page"}],"author":[{"embeddable":true,"href":"https:\/\/elsapianomusic.com\/en_us\/wp-json\/wp\/v2\/users\/1"}],"replies":[{"embeddable":true,"href":"https:\/\/elsapianomusic.com\/en_us\/wp-json\/wp\/v2\/comments?post=374"}],"version-history":[{"count":22,"href":"https:\/\/elsapianomusic.com\/en_us\/wp-json\/wp\/v2\/pages\/374\/revisions"}],"predecessor-version":[{"id":923,"href":"https:\/\/elsapianomusic.com\/en_us\/wp-json\/wp\/v2\/pages\/374\/revisions\/923"}],"wp:attachment":[{"href":"https:\/\/elsapianomusic.com\/en_us\/wp-json\/wp\/v2\/media?parent=374"}],"curies":[{"name":"wp","href":"https:\/\/api.w.org\/{rel}","templated":true}]}}