{"id":668,"date":"2020-11-18T08:30:14","date_gmt":"2020-11-18T08:30:14","guid":{"rendered":"https:\/\/elsapianomusic.com\/home-copy"},"modified":"2020-12-02T20:18:32","modified_gmt":"2020-12-02T20:18:32","slug":"en","status":"publish","type":"page","link":"https:\/\/elsapianomusic.com\/en_us\/en\/","title":{"rendered":"Home"},"content":{"rendered":"<div data-elementor-type=\"wp-page\" data-elementor-id=\"668\" class=\"elementor elementor-668\" data-elementor-settings=\"[]\">\n\t\t\t\t\t\t<div class=\"elementor-inner\">\n\t\t\t\t\t\t\t<div class=\"elementor-section-wrap\">\n\t\t\t\t\t\t\t<section class=\"elementor-section elementor-top-section elementor-element elementor-element-1666181 elementor-section-height-min-height elementor-section-boxed elementor-section-height-default elementor-section-items-middle\" data-id=\"1666181\" data-element_type=\"section\" data-settings=\"{&quot;background_background&quot;:&quot;classic&quot;}\">\n\t\t\t\t\t\t\t<div class=\"elementor-background-overlay\"><\/div>\n\t\t\t\t\t\t\t<div class=\"elementor-container elementor-column-gap-no\">\n\t\t\t\t\t\t\t<div class=\"elementor-row\">\n\t\t\t\t\t<div class=\"elementor-column elementor-col-100 elementor-top-column elementor-element elementor-element-c7cc975\" data-id=\"c7cc975\" data-element_type=\"column\">\n\t\t\t<div class=\"elementor-column-wrap elementor-element-populated\">\n\t\t\t\t\t\t\t<div class=\"elementor-widget-wrap\">\n\t\t\t\t\t\t<section class=\"elementor-section elementor-inner-section elementor-element elementor-element-decb836 elementor-section-boxed elementor-section-height-default elementor-section-height-default\" data-id=\"decb836\" data-element_type=\"section\">\n\t\t\t\t\t\t<div class=\"elementor-container elementor-column-gap-no\">\n\t\t\t\t\t\t\t<div class=\"elementor-row\">\n\t\t\t\t\t<div class=\"elementor-column elementor-col-100 elementor-inner-column elementor-element elementor-element-b9ffec6\" data-id=\"b9ffec6\" data-element_type=\"column\">\n\t\t\t<div class=\"elementor-column-wrap elementor-element-populated\">\n\t\t\t\t\t\t\t<div class=\"elementor-widget-wrap\">\n\t\t\t\t\t\t<div class=\"elementor-element elementor-element-544dd35 elementor-widget elementor-widget-spacer\" data-id=\"544dd35\" data-element_type=\"widget\" data-widget_type=\"spacer.default\">\n\t\t\t\t<div class=\"elementor-widget-container\">\n\t\t\t\t\t<div class=\"elementor-spacer\">\n\t\t\t<div class=\"elementor-spacer-inner\"><\/div>\n\t\t<\/div>\n\t\t\t\t<\/div>\n\t\t\t\t<\/div>\n\t\t\t\t<div class=\"elementor-element elementor-element-62de456 elementor-widget elementor-widget-heading\" data-id=\"62de456\" data-element_type=\"widget\" data-widget_type=\"heading.default\">\n\t\t\t\t<div class=\"elementor-widget-container\">\n\t\t\t<h1 class=\"elementor-heading-title elementor-size-default\">Elsa Mu\u00f1iz.<\/h1>\t\t<\/div>\n\t\t\t\t<\/div>\n\t\t\t\t<div class=\"elementor-element elementor-element-3341e04 elementor-widget elementor-widget-heading\" data-id=\"3341e04\" data-element_type=\"widget\" data-widget_type=\"heading.default\">\n\t\t\t\t<div class=\"elementor-widget-container\">\n\t\t\t<h6 class=\"elementor-heading-title elementor-size-default\">Pianist, TEACHER AND COMPOSER<\/h6>\t\t<\/div>\n\t\t\t\t<\/div>\n\t\t\t\t<div class=\"elementor-element elementor-element-dc73e86 elementor-widget elementor-widget-divider\" data-id=\"dc73e86\" data-element_type=\"widget\" data-widget_type=\"divider.default\">\n\t\t\t\t<div class=\"elementor-widget-container\">\n\t\t\t\t\t<div class=\"elementor-divider\">\n\t\t\t<span class=\"elementor-divider-separator\">\n\t\t\t\t\t\t<\/span>\n\t\t<\/div>\n\t\t\t\t<\/div>\n\t\t\t\t<\/div>\n\t\t\t\t<div class=\"elementor-element elementor-element-c1a7a62 elementor-widget elementor-widget-heading\" data-id=\"c1a7a62\" data-element_type=\"widget\" data-widget_type=\"heading.default\">\n\t\t\t\t<div class=\"elementor-widget-container\">\n\t\t\t<h6 class=\"elementor-heading-title elementor-size-default\">Pianotelling<\/h6>\t\t<\/div>\n\t\t\t\t<\/div>\n\t\t\t\t<div class=\"elementor-element elementor-element-ccebff8 elementor-widget elementor-widget-text-editor\" data-id=\"ccebff8\" data-element_type=\"widget\" data-widget_type=\"text-editor.default\">\n\t\t\t\t<div class=\"elementor-widget-container\">\n\t\t\t\t\t<div class=\"elementor-text-editor elementor-clearfix\"><p>\u00abLiterature and music in a single concept \u00ab.<\/p><\/div>\n\t\t\t\t<\/div>\n\t\t\t\t<\/div>\n\t\t\t\t\t\t<\/div>\n\t\t\t\t\t<\/div>\n\t\t<\/div>\n\t\t\t\t\t\t\t\t<\/div>\n\t\t\t\t\t<\/div>\n\t\t<\/section>\n\t\t\t\t\t\t<\/div>\n\t\t\t\t\t<\/div>\n\t\t<\/div>\n\t\t\t\t\t\t\t\t<\/div>\n\t\t\t\t\t<\/div>\n\t\t<\/section>\n\t\t\t\t\t\t<\/div>\n\t\t\t\t\t\t<\/div>\n\t\t\t\t\t<\/div>","protected":false},"excerpt":{"rendered":"<p>Elsa Mu\u00f1iz. Pianist, TEACHER AND COMPOSER Pianotelling \u00abLiterature and music in a single concept \u00ab.<\/p>","protected":false},"author":1,"featured_media":0,"parent":0,"menu_order":0,"comment_status":"closed","ping_status":"closed","template":"","meta":{"site-sidebar-layout":"no-sidebar","site-content-layout":"page-builder","ast-main-header-display":"","ast-hfb-above-header-display":"","ast-hfb-below-header-display":"","ast-hfb-mobile-header-display":"","site-post-title":"disabled","ast-breadcrumbs-content":"","ast-featured-img":"disabled","footer-sml-layout":"","theme-transparent-header-meta":"enabled","adv-header-id-meta":"","stick-header-meta":"","header-above-stick-meta":"","header-main-stick-meta":"","header-below-stick-meta":""},"yoast_head":"<!-- This site is optimized with the Yoast SEO plugin v17.9 - https:\/\/yoast.com\/wordpress\/plugins\/seo\/ -->\n<title>Elsa Mu\u00f1iz - Pianista, Profesora y Compositora ubicada en Galicia.<\/title>\n<meta name=\"description\" content=\"Su m\u00fasica est\u00e1 definida bajo el concepto de &quot;pianotelling&quot;, una fusi\u00f3n entre literatura y m\u00fasica cl\u00e1sica para piano. Cada una de sus composiciones da vida a un microrrelato autobiogr\u00e1fico, poniendo la banda sonora a su propia vida.\" \/>\n<meta name=\"robots\" content=\"index, follow, max-snippet:-1, max-image-preview:large, max-video-preview:-1\" \/>\n<link rel=\"canonical\" href=\"https:\/\/elsapianomusic.com\/en_us\/en\/\" \/>\n<meta property=\"og:locale\" content=\"en_US\" \/>\n<meta property=\"og:type\" content=\"article\" \/>\n<meta property=\"og:title\" content=\"Elsa Mu\u00f1iz - Pianista, Profesora y Compositora ubicada en Galicia.\" \/>\n<meta property=\"og:description\" content=\"Su m\u00fasica est\u00e1 definida bajo el concepto de &quot;pianotelling&quot;, una fusi\u00f3n entre literatura y m\u00fasica cl\u00e1sica para piano. Cada una de sus composiciones da vida a un microrrelato autobiogr\u00e1fico, poniendo la banda sonora a su propia vida.\" \/>\n<meta property=\"og:url\" content=\"https:\/\/elsapianomusic.com\/en_us\/en\/\" \/>\n<meta property=\"og:site_name\" content=\"Elsa Mu\u00f1iz\" \/>\n<meta property=\"article:modified_time\" content=\"2020-12-02T20:18:32+00:00\" \/>\n<meta name=\"twitter:card\" content=\"summary_large_image\" \/>\n<script type=\"application\/ld+json\" class=\"yoast-schema-graph\">{\"@context\":\"https:\/\/schema.org\",\"@graph\":[{\"@type\":\"WebSite\",\"@id\":\"https:\/\/elsapianomusic.com\/#website\",\"url\":\"https:\/\/elsapianomusic.com\/\",\"name\":\"Elsa Mu\\u00f1iz\",\"description\":\"Pianista, profesora y compositora\",\"potentialAction\":[{\"@type\":\"SearchAction\",\"target\":{\"@type\":\"EntryPoint\",\"urlTemplate\":\"https:\/\/elsapianomusic.com\/?s={search_term_string}\"},\"query-input\":\"required name=search_term_string\"}],\"inLanguage\":\"en-US\"},{\"@type\":\"WebPage\",\"@id\":\"https:\/\/elsapianomusic.com\/en\/#webpage\",\"url\":\"https:\/\/elsapianomusic.com\/en\/\",\"name\":\"Elsa Mu\\u00f1iz - Pianista, Profesora y Compositora ubicada en Galicia.\",\"isPartOf\":{\"@id\":\"https:\/\/elsapianomusic.com\/#website\"},\"datePublished\":\"2020-11-18T08:30:14+00:00\",\"dateModified\":\"2020-12-02T20:18:32+00:00\",\"description\":\"Su m\\u00fasica est\\u00e1 definida bajo el concepto de \\\"pianotelling\\\", una fusi\\u00f3n entre literatura y m\\u00fasica cl\\u00e1sica para piano. Cada una de sus composiciones da vida a un microrrelato autobiogr\\u00e1fico, poniendo la banda sonora a su propia vida.\",\"breadcrumb\":{\"@id\":\"https:\/\/elsapianomusic.com\/en\/#breadcrumb\"},\"inLanguage\":\"en-US\",\"potentialAction\":[{\"@type\":\"ReadAction\",\"target\":[\"https:\/\/elsapianomusic.com\/en\/\"]}]},{\"@type\":\"BreadcrumbList\",\"@id\":\"https:\/\/elsapianomusic.com\/en\/#breadcrumb\",\"itemListElement\":[{\"@type\":\"ListItem\",\"position\":1,\"name\":\"Portada\",\"item\":\"https:\/\/elsapianomusic.com\/\"},{\"@type\":\"ListItem\",\"position\":2,\"name\":\"Home\"}]}]}<\/script>\n<!-- \/ Yoast SEO plugin. -->","yoast_head_json":{"title":"Elsa Mu\u00f1iz - Pianista, Profesora y Compositora ubicada en Galicia.","description":"Su m\u00fasica est\u00e1 definida bajo el concepto de \"pianotelling\", una fusi\u00f3n entre literatura y m\u00fasica cl\u00e1sica para piano. Cada una de sus composiciones da vida a un microrrelato autobiogr\u00e1fico, poniendo la banda sonora a su propia vida.","robots":{"index":"index","follow":"follow","max-snippet":"max-snippet:-1","max-image-preview":"max-image-preview:large","max-video-preview":"max-video-preview:-1"},"canonical":"https:\/\/elsapianomusic.com\/en_us\/en\/","og_locale":"en_US","og_type":"article","og_title":"Elsa Mu\u00f1iz - Pianista, Profesora y Compositora ubicada en Galicia.","og_description":"Su m\u00fasica est\u00e1 definida bajo el concepto de \"pianotelling\", una fusi\u00f3n entre literatura y m\u00fasica cl\u00e1sica para piano. Cada una de sus composiciones da vida a un microrrelato autobiogr\u00e1fico, poniendo la banda sonora a su propia vida.","og_url":"https:\/\/elsapianomusic.com\/en_us\/en\/","og_site_name":"Elsa Mu\u00f1iz","article_modified_time":"2020-12-02T20:18:32+00:00","twitter_card":"summary_large_image","schema":{"@context":"https:\/\/schema.org","@graph":[{"@type":"WebSite","@id":"https:\/\/elsapianomusic.com\/#website","url":"https:\/\/elsapianomusic.com\/","name":"Elsa Mu\u00f1iz","description":"Pianista, profesora y compositora","potentialAction":[{"@type":"SearchAction","target":{"@type":"EntryPoint","urlTemplate":"https:\/\/elsapianomusic.com\/?s={search_term_string}"},"query-input":"required name=search_term_string"}],"inLanguage":"en-US"},{"@type":"WebPage","@id":"https:\/\/elsapianomusic.com\/en\/#webpage","url":"https:\/\/elsapianomusic.com\/en\/","name":"Elsa Mu\u00f1iz - Pianista, Profesora y Compositora ubicada en Galicia.","isPartOf":{"@id":"https:\/\/elsapianomusic.com\/#website"},"datePublished":"2020-11-18T08:30:14+00:00","dateModified":"2020-12-02T20:18:32+00:00","description":"Su m\u00fasica est\u00e1 definida bajo el concepto de \"pianotelling\", una fusi\u00f3n entre literatura y m\u00fasica cl\u00e1sica para piano. Cada una de sus composiciones da vida a un microrrelato autobiogr\u00e1fico, poniendo la banda sonora a su propia vida.","breadcrumb":{"@id":"https:\/\/elsapianomusic.com\/en\/#breadcrumb"},"inLanguage":"en-US","potentialAction":[{"@type":"ReadAction","target":["https:\/\/elsapianomusic.com\/en\/"]}]},{"@type":"BreadcrumbList","@id":"https:\/\/elsapianomusic.com\/en\/#breadcrumb","itemListElement":[{"@type":"ListItem","position":1,"name":"Portada","item":"https:\/\/elsapianomusic.com\/"},{"@type":"ListItem","position":2,"name":"Home"}]}]}},"_links":{"self":[{"href":"https:\/\/elsapianomusic.com\/en_us\/wp-json\/wp\/v2\/pages\/668"}],"collection":[{"href":"https:\/\/elsapianomusic.com\/en_us\/wp-json\/wp\/v2\/pages"}],"about":[{"href":"https:\/\/elsapianomusic.com\/en_us\/wp-json\/wp\/v2\/types\/page"}],"author":[{"embeddable":true,"href":"https:\/\/elsapianomusic.com\/en_us\/wp-json\/wp\/v2\/users\/1"}],"replies":[{"embeddable":true,"href":"https:\/\/elsapianomusic.com\/en_us\/wp-json\/wp\/v2\/comments?post=668"}],"version-history":[{"count":0,"href":"https:\/\/elsapianomusic.com\/en_us\/wp-json\/wp\/v2\/pages\/668\/revisions"}],"wp:attachment":[{"href":"https:\/\/elsapianomusic.com\/en_us\/wp-json\/wp\/v2\/media?parent=668"}],"curies":[{"name":"wp","href":"https:\/\/api.w.org\/{rel}","templated":true}]}}