{"id":1313,"date":"2025-07-16T10:26:55","date_gmt":"2025-07-16T08:26:55","guid":{"rendered":"https:\/\/elsapianomusic.com\/?post_type=product&#038;p=1313"},"modified":"2026-03-25T13:53:39","modified_gmt":"2026-03-25T12:53:39","slug":"1313","status":"publish","type":"product","link":"https:\/\/elsapianomusic.com\/en_us\/product\/1313\/","title":{"rendered":"New Beginnings &#8211; Disco\/libro"},"content":{"rendered":"","protected":false},"excerpt":{"rendered":"<p>\u00abNew Beginnings\u00bb es un viaje emocional profundo, \u00edntimo y sincero que se expresa a trav\u00e9s de piezas instrumentales que nacen de experiencias personales y vivencias colectivas. Cada composici\u00f3n funciona como un microrrelato musical que aborda temas universales: la salud mental, la p\u00e9rdida, la incertidumbre, la esperanza, la guerra o la celebraci\u00f3n de la vida.<\/p>","protected":false},"featured_media":1316,"comment_status":"open","ping_status":"closed","template":"","meta":{"site-sidebar-layout":"default","site-content-layout":"default","ast-main-header-display":"","ast-hfb-above-header-display":"","ast-hfb-below-header-display":"","ast-hfb-mobile-header-display":"","site-post-title":"","ast-breadcrumbs-content":"","ast-featured-img":"","footer-sml-layout":"","theme-transparent-header-meta":"","adv-header-id-meta":"","stick-header-meta":"","header-above-stick-meta":"","header-main-stick-meta":"","header-below-stick-meta":""},"product_cat":[18],"product_tag":[],"yoast_head":"<!-- This site is optimized with the Yoast SEO plugin v17.9 - https:\/\/yoast.com\/wordpress\/plugins\/seo\/ -->\n<title>New Beginnings - Disco\/libro - Elsa Mu\u00f1iz<\/title>\n<meta name=\"robots\" content=\"index, follow, max-snippet:-1, max-image-preview:large, max-video-preview:-1\" \/>\n<link rel=\"canonical\" href=\"https:\/\/elsapianomusic.com\/en_us\/product\/1313\/\" \/>\n<meta property=\"og:locale\" content=\"en_US\" \/>\n<meta property=\"og:type\" content=\"article\" \/>\n<meta property=\"og:title\" content=\"New Beginnings - Disco\/libro - Elsa Mu\u00f1iz\" \/>\n<meta property=\"og:description\" content=\"&quot;New Beginnings&quot; es un viaje emocional profundo, \u00edntimo y sincero que se expresa a trav\u00e9s de piezas instrumentales que nacen de experiencias personales y vivencias colectivas. Cada composici\u00f3n funciona como un microrrelato musical que aborda temas universales: la salud mental, la p\u00e9rdida, la incertidumbre, la esperanza, la guerra o la celebraci\u00f3n de la vida.\" \/>\n<meta property=\"og:url\" content=\"https:\/\/elsapianomusic.com\/en_us\/product\/1313\/\" \/>\n<meta property=\"og:site_name\" content=\"Elsa Mu\u00f1iz\" \/>\n<meta property=\"article:modified_time\" content=\"2026-03-25T12:53:39+00:00\" \/>\n<meta property=\"og:image\" content=\"https:\/\/elsapianomusic.com\/wp-content\/uploads\/2025\/07\/IMG_9321-scaled.jpg\" \/>\n\t<meta property=\"og:image:width\" content=\"2560\" \/>\n\t<meta property=\"og:image:height\" content=\"2191\" \/>\n\t<meta property=\"og:image:type\" content=\"image\/jpeg\" \/>\n<meta name=\"twitter:card\" content=\"summary_large_image\" \/>\n<script type=\"application\/ld+json\" class=\"yoast-schema-graph\">{\"@context\":\"https:\/\/schema.org\",\"@graph\":[{\"@type\":\"WebSite\",\"@id\":\"https:\/\/elsapianomusic.com\/#website\",\"url\":\"https:\/\/elsapianomusic.com\/\",\"name\":\"Elsa Mu\\u00f1iz\",\"description\":\"Pianista, profesora y compositora\",\"potentialAction\":[{\"@type\":\"SearchAction\",\"target\":{\"@type\":\"EntryPoint\",\"urlTemplate\":\"https:\/\/elsapianomusic.com\/?s={search_term_string}\"},\"query-input\":\"required name=search_term_string\"}],\"inLanguage\":\"en-US\"},{\"@type\":\"ImageObject\",\"@id\":\"https:\/\/elsapianomusic.com\/producto\/1313\/#primaryimage\",\"inLanguage\":\"en-US\",\"url\":\"https:\/\/elsapianomusic.com\/wp-content\/uploads\/2025\/07\/IMG_9321-scaled.jpg\",\"contentUrl\":\"https:\/\/elsapianomusic.com\/wp-content\/uploads\/2025\/07\/IMG_9321-scaled.jpg\",\"width\":2560,\"height\":2191},{\"@type\":\"WebPage\",\"@id\":\"https:\/\/elsapianomusic.com\/producto\/1313\/#webpage\",\"url\":\"https:\/\/elsapianomusic.com\/producto\/1313\/\",\"name\":\"New Beginnings - Disco\/libro - Elsa Mu\\u00f1iz\",\"isPartOf\":{\"@id\":\"https:\/\/elsapianomusic.com\/#website\"},\"primaryImageOfPage\":{\"@id\":\"https:\/\/elsapianomusic.com\/producto\/1313\/#primaryimage\"},\"datePublished\":\"2025-07-16T08:26:55+00:00\",\"dateModified\":\"2026-03-25T12:53:39+00:00\",\"breadcrumb\":{\"@id\":\"https:\/\/elsapianomusic.com\/producto\/1313\/#breadcrumb\"},\"inLanguage\":\"en-US\",\"potentialAction\":[{\"@type\":\"ReadAction\",\"target\":[\"https:\/\/elsapianomusic.com\/producto\/1313\/\"]}]},{\"@type\":\"BreadcrumbList\",\"@id\":\"https:\/\/elsapianomusic.com\/producto\/1313\/#breadcrumb\",\"itemListElement\":[{\"@type\":\"ListItem\",\"position\":1,\"name\":\"Portada\",\"item\":\"https:\/\/elsapianomusic.com\/\"},{\"@type\":\"ListItem\",\"position\":2,\"name\":\"M\\u00fasica\",\"item\":\"https:\/\/elsapianomusic.com\/musica\/\"},{\"@type\":\"ListItem\",\"position\":3,\"name\":\"New Beginnings &#8211; Disco\/libro\"}]}]}<\/script>\n<!-- \/ Yoast SEO plugin. -->","yoast_head_json":{"title":"New Beginnings - Disco\/libro - Elsa Mu\u00f1iz","robots":{"index":"index","follow":"follow","max-snippet":"max-snippet:-1","max-image-preview":"max-image-preview:large","max-video-preview":"max-video-preview:-1"},"canonical":"https:\/\/elsapianomusic.com\/en_us\/product\/1313\/","og_locale":"en_US","og_type":"article","og_title":"New Beginnings - Disco\/libro - Elsa Mu\u00f1iz","og_description":"\"New Beginnings\" es un viaje emocional profundo, \u00edntimo y sincero que se expresa a trav\u00e9s de piezas instrumentales que nacen de experiencias personales y vivencias colectivas. Cada composici\u00f3n funciona como un microrrelato musical que aborda temas universales: la salud mental, la p\u00e9rdida, la incertidumbre, la esperanza, la guerra o la celebraci\u00f3n de la vida.","og_url":"https:\/\/elsapianomusic.com\/en_us\/product\/1313\/","og_site_name":"Elsa Mu\u00f1iz","article_modified_time":"2026-03-25T12:53:39+00:00","og_image":[{"width":2560,"height":2191,"url":"https:\/\/elsapianomusic.com\/wp-content\/uploads\/2025\/07\/IMG_9321-scaled.jpg","type":"image\/jpeg"}],"twitter_card":"summary_large_image","schema":{"@context":"https:\/\/schema.org","@graph":[{"@type":"WebSite","@id":"https:\/\/elsapianomusic.com\/#website","url":"https:\/\/elsapianomusic.com\/","name":"Elsa Mu\u00f1iz","description":"Pianista, profesora y compositora","potentialAction":[{"@type":"SearchAction","target":{"@type":"EntryPoint","urlTemplate":"https:\/\/elsapianomusic.com\/?s={search_term_string}"},"query-input":"required name=search_term_string"}],"inLanguage":"en-US"},{"@type":"ImageObject","@id":"https:\/\/elsapianomusic.com\/producto\/1313\/#primaryimage","inLanguage":"en-US","url":"https:\/\/elsapianomusic.com\/wp-content\/uploads\/2025\/07\/IMG_9321-scaled.jpg","contentUrl":"https:\/\/elsapianomusic.com\/wp-content\/uploads\/2025\/07\/IMG_9321-scaled.jpg","width":2560,"height":2191},{"@type":"WebPage","@id":"https:\/\/elsapianomusic.com\/producto\/1313\/#webpage","url":"https:\/\/elsapianomusic.com\/producto\/1313\/","name":"New Beginnings - Disco\/libro - Elsa Mu\u00f1iz","isPartOf":{"@id":"https:\/\/elsapianomusic.com\/#website"},"primaryImageOfPage":{"@id":"https:\/\/elsapianomusic.com\/producto\/1313\/#primaryimage"},"datePublished":"2025-07-16T08:26:55+00:00","dateModified":"2026-03-25T12:53:39+00:00","breadcrumb":{"@id":"https:\/\/elsapianomusic.com\/producto\/1313\/#breadcrumb"},"inLanguage":"en-US","potentialAction":[{"@type":"ReadAction","target":["https:\/\/elsapianomusic.com\/producto\/1313\/"]}]},{"@type":"BreadcrumbList","@id":"https:\/\/elsapianomusic.com\/producto\/1313\/#breadcrumb","itemListElement":[{"@type":"ListItem","position":1,"name":"Portada","item":"https:\/\/elsapianomusic.com\/"},{"@type":"ListItem","position":2,"name":"M\u00fasica","item":"https:\/\/elsapianomusic.com\/musica\/"},{"@type":"ListItem","position":3,"name":"New Beginnings &#8211; Disco\/libro"}]}]}},"_links":{"self":[{"href":"https:\/\/elsapianomusic.com\/en_us\/wp-json\/wp\/v2\/product\/1313"}],"collection":[{"href":"https:\/\/elsapianomusic.com\/en_us\/wp-json\/wp\/v2\/product"}],"about":[{"href":"https:\/\/elsapianomusic.com\/en_us\/wp-json\/wp\/v2\/types\/product"}],"replies":[{"embeddable":true,"href":"https:\/\/elsapianomusic.com\/en_us\/wp-json\/wp\/v2\/comments?post=1313"}],"wp:featuredmedia":[{"embeddable":true,"href":"https:\/\/elsapianomusic.com\/en_us\/wp-json\/wp\/v2\/media\/1316"}],"wp:attachment":[{"href":"https:\/\/elsapianomusic.com\/en_us\/wp-json\/wp\/v2\/media?parent=1313"}],"wp:term":[{"taxonomy":"product_cat","embeddable":true,"href":"https:\/\/elsapianomusic.com\/en_us\/wp-json\/wp\/v2\/product_cat?post=1313"},{"taxonomy":"product_tag","embeddable":true,"href":"https:\/\/elsapianomusic.com\/en_us\/wp-json\/wp\/v2\/product_tag?post=1313"}],"curies":[{"name":"wp","href":"https:\/\/api.w.org\/{rel}","templated":true}]}}